{"id":4936926,"date":"2020-04-22T12:57:54","date_gmt":"2020-04-22T10:57:54","guid":{"rendered":"https:\/\/visitparnu.com\/how-to-come-to-parnu\/"},"modified":"2024-06-05T10:16:29","modified_gmt":"2024-06-05T08:16:29","slug":"how-to-come-to-parnu","status":"publish","type":"page","link":"https:\/\/visitparnu.com\/en\/how-to-come-to-parnu\/","title":{"rendered":"How to come to P\u00e4rnu?"},"content":{"rendered":"\t\t<div data-elementor-type=\"wp-page\" data-elementor-id=\"4936926\" class=\"elementor elementor-4936926 elementor-4936717\" data-elementor-post-type=\"page\">\n\t\t\t\t<div class=\"elementor-element elementor-element-24c83bf content-one-col-block e-flex e-con-boxed e-con e-parent\" data-id=\"24c83bf\" data-element_type=\"container\" data-e-type=\"container\">\n\t\t\t\t\t<div class=\"e-con-inner\">\n\t\t<div class=\"elementor-element elementor-element-7f09263 e-con-full e-flex e-con e-child\" data-id=\"7f09263\" data-element_type=\"container\" data-e-type=\"container\">\n\t\t\t\t<div class=\"elementor-element elementor-element-55be048 elementor-widget elementor-widget-text-editor\" data-id=\"55be048\" data-element_type=\"widget\" data-e-type=\"widget\" data-widget_type=\"text-editor.default\">\n\t\t\t\t\t\t\t\t\t<p>P\u00e4rnu is accessible by bus and car. P\u00e4rnu also has a small cruise port and an airport. P\u00e4rnu enjoys a favourable location, being only a <strong>90-minute drive from Tallinn, the capital of Estonia, and a two-hour drive from Riga, the capital of Latvia<\/strong>. Both big cities are home to international airports. Estonia\u2019s cities have an excellent connection by bus to P\u00e4rnu.\u00a0<\/p>\t\t\t\t\t\t\t\t<\/div>\n\t\t\t\t<\/div>\n\t\t\t\t\t<\/div>\n\t\t\t\t<\/div>\n\t\t<div class=\"elementor-element elementor-element-917b3c6 content-two-col-block e-flex e-con-boxed e-con e-parent\" data-id=\"917b3c6\" data-element_type=\"container\" data-e-type=\"container\">\n\t\t\t\t\t<div class=\"e-con-inner\">\n\t\t<div class=\"elementor-element elementor-element-8000216 e-con-full e-flex e-con e-child\" data-id=\"8000216\" data-element_type=\"container\" data-e-type=\"container\">\n\t\t\t\t<div class=\"elementor-element elementor-element-25d02ab elementor-widget elementor-widget-image\" data-id=\"25d02ab\" data-element_type=\"widget\" data-e-type=\"widget\" data-widget_type=\"image.default\">\n\t\t\t\t\t\t\t\t\t\t\t\t\t\t\t<img fetchpriority=\"high\" decoding=\"async\" width=\"799\" height=\"533\" src=\"https:\/\/visitparnu.com\/wp-content\/uploads\/2023\/01\/tallinna-lennujaam.jpg\" class=\"attachment-large size-large wp-image-4944666\" alt=\"\" srcset=\"https:\/\/visitparnu.com\/wp-content\/uploads\/2023\/01\/tallinna-lennujaam.jpg 799w, https:\/\/visitparnu.com\/wp-content\/uploads\/2023\/01\/tallinna-lennujaam-300x200.jpg 300w, https:\/\/visitparnu.com\/wp-content\/uploads\/2023\/01\/tallinna-lennujaam-768x512.jpg 768w\" sizes=\"(max-width: 799px) 100vw, 799px\" \/>\t\t\t\t\t\t\t\t\t\t\t\t\t\t\t<\/div>\n\t\t\t\t<div class=\"elementor-element elementor-element-1db5039 elementor-widget elementor-widget-text-editor\" data-id=\"1db5039\" data-element_type=\"widget\" data-e-type=\"widget\" data-widget_type=\"text-editor.default\">\n\t\t\t\t\t\t\t\t\t<div class=\"elementor-element elementor-element-3ccb41a elementor-widget elementor-widget-text-editor\" data-id=\"3ccb41a\" data-element_type=\"widget\" data-settings=\"{&quot;ekit_we_effect_on&quot;:&quot;none&quot;}\" data-widget_type=\"text-editor.default\"><div class=\"elementor-widget-container\"><div class=\"elementor-text-editor elementor-clearfix\"><h2><strong>Arriving by plane<\/strong><\/h2><p>The closest airports to P\u00e4rnu are in Tallinn and Riga.<\/p><p><strong>Estonia\u2019s biggest airport, Tallinn Airport, <\/strong>is located four kilometres from the city centre of Tallinn. It is possible to rent a car at the airport and move on from there to P\u00e4rnu. Another option is to travel by bus\/taxi\/tram to the Tallinn Bus Station, and then travel to P\u00e4rnu by bus. A total of 40 international routes pass through Tallinn Airport.<\/p><p><strong>Riga Airport<\/strong> is located 13 km from the City Centre of Riga and is the largest airport in Latvia and the Baltics. Eight million passengers pass through the airport each year, and the airport offers a connection to nearly 80 international destinations.<\/p><p>Riga Airport is located 190 kilometres from P\u00e4rnu. It is possible to rent a car at the airport or make your way to the Riga International Coach Terminal.<\/p><p><strong>P\u00e4rnu Airport<\/strong> has undergone reconstruction and is serving flights to Ruhnu.<\/p><\/div><\/div><\/div>\t\t\t\t\t\t\t\t<\/div>\n\t\t\t\t<\/div>\n\t\t<div class=\"elementor-element elementor-element-a81b2ee e-con-full e-flex e-con e-child\" data-id=\"a81b2ee\" data-element_type=\"container\" data-e-type=\"container\">\n\t\t\t\t<div class=\"elementor-element elementor-element-ca49a4e elementor-widget elementor-widget-text-editor\" data-id=\"ca49a4e\" data-element_type=\"widget\" data-e-type=\"widget\" data-widget_type=\"text-editor.default\">\n\t\t\t\t\t\t\t\t\t<h2><strong>Arriving by sea<\/strong><\/h2><p>Each day, dozens of ships arrive at the<strong> Port of Tallinn<\/strong>, mainly from Finland and Sweden, although it is possible to arrive from further away aboard a cargo ship or cruise ship. The Port of Tallinn is located in the city centre of Tallinn, approximately 130 km from P\u00e4rnu. <strong><a href=\"https:\/\/www.ts.ee\/en\/\">Timetables<\/a> <\/strong>can be found on the port\u2019s website.<\/p><p>During the summer season, it is possible to arrive via cruise ship at t<strong>he Port of P\u00e4rnu<\/strong>, located in the city centre of P\u00e4rnu. Most cruise ships stop in P\u00e4rnu for one day.<\/p><p><strong><a href=\"https:\/\/visitparnu.com\/en\/objekt\/parnu-yacht-club-marina\/\">P\u00e4rnu Yacht Club Marina<\/a><\/strong>\u00a0makes it possible to arrive in P\u00e4rnu on one\u2019s own yacht or other vessel. The Yacht Club Marina is located a short walk from the city centre.<\/p>\t\t\t\t\t\t\t\t<\/div>\n\t\t\t\t<div class=\"elementor-element elementor-element-8e7b978 elementor-widget elementor-widget-image\" data-id=\"8e7b978\" data-element_type=\"widget\" data-e-type=\"widget\" data-widget_type=\"image.default\">\n\t\t\t\t\t\t\t\t\t\t\t\t\t\t\t<img decoding=\"async\" width=\"1024\" height=\"683\" src=\"https:\/\/visitparnu.com\/wp-content\/uploads\/2023\/01\/Parnu-jahisadam-1024x683.jpg\" class=\"attachment-large size-large wp-image-4944665\" alt=\"\" srcset=\"https:\/\/visitparnu.com\/wp-content\/uploads\/2023\/01\/Parnu-jahisadam-1024x683.jpg 1024w, https:\/\/visitparnu.com\/wp-content\/uploads\/2023\/01\/Parnu-jahisadam-300x200.jpg 300w, https:\/\/visitparnu.com\/wp-content\/uploads\/2023\/01\/Parnu-jahisadam-768x512.jpg 768w, https:\/\/visitparnu.com\/wp-content\/uploads\/2023\/01\/Parnu-jahisadam-1536x1024.jpg 1536w, https:\/\/visitparnu.com\/wp-content\/uploads\/2023\/01\/Parnu-jahisadam.jpg 1731w\" sizes=\"(max-width: 1024px) 100vw, 1024px\" \/>\t\t\t\t\t\t\t\t\t\t\t\t\t\t\t<\/div>\n\t\t\t\t<div class=\"elementor-element elementor-element-3b7c04c elementor-widget elementor-widget-text-editor\" data-id=\"3b7c04c\" data-element_type=\"widget\" data-e-type=\"widget\" data-widget_type=\"text-editor.default\">\n\t\t\t\t\t\t\t\t\t<h2><strong>Arriving by bus<\/strong><\/h2><p>International busses arrive at the P\u00e4rnu Bus Station from several major European cities:<\/p><ul><li>Riga<\/li><li>Vilnius<\/li><li>St. Petersburg<\/li><li>Minsk<\/li><\/ul><p>Busses also travel between the various areas of P\u00e4rnu County.<\/p><p>Busses travel directly from the Tallinn Bus Station to P\u00e4rnu. Buses travel between the P\u00e4rnu and Tallinn bus stations at intervals of 30 minutes to 1 hour.<\/p><p>Additional information:<\/p><ul><li><a href=\"https:\/\/visitparnu.com\/en\/parnu-bus-station\/\">P\u00e4rnu Bus Station<\/a><\/li><li><a href=\"http:\/\/www.bussijaam.ee\/en\/\">Tallinn Bus Station<\/a><\/li><\/ul><h2><strong>Arriving by car<\/strong><\/h2><p>Estonia\u2019s highways are generally in very good condition, and P\u00e4rnu can be reached from several directions. The main highways leading to P\u00e4rnu come from the directions of Tallinn, Riga, Tartu, and Haapsalu. If you are travelling by car, check out our\u00a0<a href=\"https:\/\/visitparnu.com\/en\/parking-in-parnu\/\">parking information<\/a>.<\/p><p>Car rental options are offered by the Tallinn and Riga airports. It is also possible to rent a car from any of the bigger cities in Estonia, including P\u00e4rnu. Information on car rental companies operating in P\u00e4rnu changes on a regular basis. If you would like any additional information, please do not hesitate to\u00a0<a href=\"https:\/\/visitparnu.com\/en\/contact-us\/\">write us<\/a>.<\/p>\t\t\t\t\t\t\t\t<\/div>\n\t\t\t\t<\/div>\n\t\t\t\t\t<\/div>\n\t\t\t\t<\/div>\n\t\t\t\t<\/div>\n\t\t","protected":false},"excerpt":{"rendered":"<p>P\u00e4rnu is accessible by bus and car. P\u00e4rnu also has a small cruise port and an airport. P\u00e4rnu enjoys a favourable location, being only a 90-minute drive from Tallinn, the capital of Estonia, and a two-hour drive from Riga, the capital of Latvia. Both big cities are home to international airports. Estonia\u2019s cities have an [&hellip;]<\/p>\n","protected":false},"author":1,"featured_media":4944659,"parent":0,"menu_order":0,"comment_status":"closed","ping_status":"closed","template":"","meta":{"_acf_changed":false,"footnotes":""},"class_list":["post-4936926","page","type-page","status-publish","has-post-thumbnail","hentry"],"acf":[],"yoast_head":"<!-- This site is optimized with the Yoast SEO plugin v27.3 - https:\/\/yoast.com\/product\/yoast-seo-wordpress\/ -->\n<title>How to come to P\u00e4rnu? - Visit P\u00e4rnu<\/title>\n<meta name=\"robots\" content=\"index, follow, max-snippet:-1, max-image-preview:large, max-video-preview:-1\" \/>\n<link rel=\"canonical\" href=\"https:\/\/visitparnu.com\/en\/how-to-come-to-parnu\/\" \/>\n<meta property=\"og:locale\" content=\"en_US\" \/>\n<meta property=\"og:type\" content=\"article\" \/>\n<meta property=\"og:title\" content=\"How to come to P\u00e4rnu? - Visit P\u00e4rnu\" \/>\n<meta property=\"og:description\" content=\"P\u00e4rnu is accessible by bus and car. P\u00e4rnu also has a small cruise port and an airport. P\u00e4rnu enjoys a favourable location, being only a 90-minute drive from Tallinn, the capital of Estonia, and a two-hour drive from Riga, the capital of Latvia. Both big cities are home to international airports. Estonia\u2019s cities have an [&hellip;]\" \/>\n<meta property=\"og:url\" content=\"https:\/\/visitparnu.com\/en\/how-to-come-to-parnu\/\" \/>\n<meta property=\"og:site_name\" content=\"Visit P\u00e4rnu\" \/>\n<meta property=\"article:publisher\" content=\"https:\/\/www.facebook.com\/visitparnuEE\/\" \/>\n<meta property=\"article:modified_time\" content=\"2024-06-05T08:16:29+00:00\" \/>\n<meta property=\"og:image\" content=\"https:\/\/visitparnu.com\/wp-content\/uploads\/2023\/01\/Kuidas-tulla-parnusse.jpg\" \/>\n\t<meta property=\"og:image:width\" content=\"1730\" \/>\n\t<meta property=\"og:image:height\" content=\"1155\" \/>\n\t<meta property=\"og:image:type\" content=\"image\/jpeg\" \/>\n<meta name=\"twitter:card\" content=\"summary_large_image\" \/>\n<meta name=\"twitter:label1\" content=\"Est. reading time\" \/>\n\t<meta name=\"twitter:data1\" content=\"4 minutes\" \/>\n<script type=\"application\/ld+json\" class=\"yoast-schema-graph\">{\"@context\":\"https:\\\/\\\/schema.org\",\"@graph\":[{\"@type\":\"WebPage\",\"@id\":\"https:\\\/\\\/visitparnu.com\\\/en\\\/how-to-come-to-parnu\\\/\",\"url\":\"https:\\\/\\\/visitparnu.com\\\/en\\\/how-to-come-to-parnu\\\/\",\"name\":\"How to come to P\u00e4rnu? - Visit P\u00e4rnu\",\"isPartOf\":{\"@id\":\"https:\\\/\\\/visitparnu.com\\\/en\\\/#website\"},\"primaryImageOfPage\":{\"@id\":\"https:\\\/\\\/visitparnu.com\\\/en\\\/how-to-come-to-parnu\\\/#primaryimage\"},\"image\":{\"@id\":\"https:\\\/\\\/visitparnu.com\\\/en\\\/how-to-come-to-parnu\\\/#primaryimage\"},\"thumbnailUrl\":\"https:\\\/\\\/visitparnu.com\\\/wp-content\\\/uploads\\\/2023\\\/01\\\/Kuidas-tulla-parnusse.jpg\",\"datePublished\":\"2020-04-22T10:57:54+00:00\",\"dateModified\":\"2024-06-05T08:16:29+00:00\",\"breadcrumb\":{\"@id\":\"https:\\\/\\\/visitparnu.com\\\/en\\\/how-to-come-to-parnu\\\/#breadcrumb\"},\"inLanguage\":\"en-US\",\"potentialAction\":[{\"@type\":\"ReadAction\",\"target\":[\"https:\\\/\\\/visitparnu.com\\\/en\\\/how-to-come-to-parnu\\\/\"]}]},{\"@type\":\"ImageObject\",\"inLanguage\":\"en-US\",\"@id\":\"https:\\\/\\\/visitparnu.com\\\/en\\\/how-to-come-to-parnu\\\/#primaryimage\",\"url\":\"https:\\\/\\\/visitparnu.com\\\/wp-content\\\/uploads\\\/2023\\\/01\\\/Kuidas-tulla-parnusse.jpg\",\"contentUrl\":\"https:\\\/\\\/visitparnu.com\\\/wp-content\\\/uploads\\\/2023\\\/01\\\/Kuidas-tulla-parnusse.jpg\",\"width\":1730,\"height\":1155},{\"@type\":\"BreadcrumbList\",\"@id\":\"https:\\\/\\\/visitparnu.com\\\/en\\\/how-to-come-to-parnu\\\/#breadcrumb\",\"itemListElement\":[{\"@type\":\"ListItem\",\"position\":1,\"name\":\"\",\"item\":\"https:\\\/\\\/visitparnu.com\\\/en\\\/\"},{\"@type\":\"ListItem\",\"position\":2,\"name\":\"How to come to P\u00e4rnu?\"}]},{\"@type\":\"WebSite\",\"@id\":\"https:\\\/\\\/visitparnu.com\\\/en\\\/#website\",\"url\":\"https:\\\/\\\/visitparnu.com\\\/en\\\/\",\"name\":\"Visit P\u00e4rnu\",\"description\":\"\",\"publisher\":{\"@id\":\"https:\\\/\\\/visitparnu.com\\\/en\\\/#organization\"},\"potentialAction\":[{\"@type\":\"SearchAction\",\"target\":{\"@type\":\"EntryPoint\",\"urlTemplate\":\"https:\\\/\\\/visitparnu.com\\\/en\\\/?s={search_term_string}\"},\"query-input\":{\"@type\":\"PropertyValueSpecification\",\"valueRequired\":true,\"valueName\":\"search_term_string\"}}],\"inLanguage\":\"en-US\"},{\"@type\":\"Organization\",\"@id\":\"https:\\\/\\\/visitparnu.com\\\/en\\\/#organization\",\"name\":\"Visit P\u00e4rnu\",\"url\":\"https:\\\/\\\/visitparnu.com\\\/en\\\/\",\"logo\":{\"@type\":\"ImageObject\",\"inLanguage\":\"en-US\",\"@id\":\"https:\\\/\\\/visitparnu.com\\\/en\\\/#\\\/schema\\\/logo\\\/image\\\/\",\"url\":\"https:\\\/\\\/visitparnu.com\\\/wp-content\\\/uploads\\\/2022\\\/11\\\/VP_logo.svg\",\"contentUrl\":\"https:\\\/\\\/visitparnu.com\\\/wp-content\\\/uploads\\\/2022\\\/11\\\/VP_logo.svg\",\"width\":305,\"height\":33,\"caption\":\"Visit P\u00e4rnu\"},\"image\":{\"@id\":\"https:\\\/\\\/visitparnu.com\\\/en\\\/#\\\/schema\\\/logo\\\/image\\\/\"},\"sameAs\":[\"https:\\\/\\\/www.facebook.com\\\/visitparnuEE\\\/\",\"https:\\\/\\\/www.youtube.com\\\/user\\\/visitparnuestonia\\\/\",\"https:\\\/\\\/www.instagram.com\\\/visitparnu\\\/\"]}]}<\/script>\n<!-- \/ Yoast SEO plugin. -->","yoast_head_json":{"title":"How to come to P\u00e4rnu? - Visit P\u00e4rnu","robots":{"index":"index","follow":"follow","max-snippet":"max-snippet:-1","max-image-preview":"max-image-preview:large","max-video-preview":"max-video-preview:-1"},"canonical":"https:\/\/visitparnu.com\/en\/how-to-come-to-parnu\/","og_locale":"en_US","og_type":"article","og_title":"How to come to P\u00e4rnu? - Visit P\u00e4rnu","og_description":"P\u00e4rnu is accessible by bus and car. P\u00e4rnu also has a small cruise port and an airport. P\u00e4rnu enjoys a favourable location, being only a 90-minute drive from Tallinn, the capital of Estonia, and a two-hour drive from Riga, the capital of Latvia. Both big cities are home to international airports. Estonia\u2019s cities have an [&hellip;]","og_url":"https:\/\/visitparnu.com\/en\/how-to-come-to-parnu\/","og_site_name":"Visit P\u00e4rnu","article_publisher":"https:\/\/www.facebook.com\/visitparnuEE\/","article_modified_time":"2024-06-05T08:16:29+00:00","og_image":[{"width":1730,"height":1155,"url":"https:\/\/visitparnu.com\/wp-content\/uploads\/2023\/01\/Kuidas-tulla-parnusse.jpg","type":"image\/jpeg"}],"twitter_card":"summary_large_image","twitter_misc":{"Est. reading time":"4 minutes"},"schema":{"@context":"https:\/\/schema.org","@graph":[{"@type":"WebPage","@id":"https:\/\/visitparnu.com\/en\/how-to-come-to-parnu\/","url":"https:\/\/visitparnu.com\/en\/how-to-come-to-parnu\/","name":"How to come to P\u00e4rnu? - Visit P\u00e4rnu","isPartOf":{"@id":"https:\/\/visitparnu.com\/en\/#website"},"primaryImageOfPage":{"@id":"https:\/\/visitparnu.com\/en\/how-to-come-to-parnu\/#primaryimage"},"image":{"@id":"https:\/\/visitparnu.com\/en\/how-to-come-to-parnu\/#primaryimage"},"thumbnailUrl":"https:\/\/visitparnu.com\/wp-content\/uploads\/2023\/01\/Kuidas-tulla-parnusse.jpg","datePublished":"2020-04-22T10:57:54+00:00","dateModified":"2024-06-05T08:16:29+00:00","breadcrumb":{"@id":"https:\/\/visitparnu.com\/en\/how-to-come-to-parnu\/#breadcrumb"},"inLanguage":"en-US","potentialAction":[{"@type":"ReadAction","target":["https:\/\/visitparnu.com\/en\/how-to-come-to-parnu\/"]}]},{"@type":"ImageObject","inLanguage":"en-US","@id":"https:\/\/visitparnu.com\/en\/how-to-come-to-parnu\/#primaryimage","url":"https:\/\/visitparnu.com\/wp-content\/uploads\/2023\/01\/Kuidas-tulla-parnusse.jpg","contentUrl":"https:\/\/visitparnu.com\/wp-content\/uploads\/2023\/01\/Kuidas-tulla-parnusse.jpg","width":1730,"height":1155},{"@type":"BreadcrumbList","@id":"https:\/\/visitparnu.com\/en\/how-to-come-to-parnu\/#breadcrumb","itemListElement":[{"@type":"ListItem","position":1,"name":"","item":"https:\/\/visitparnu.com\/en\/"},{"@type":"ListItem","position":2,"name":"How to come to P\u00e4rnu?"}]},{"@type":"WebSite","@id":"https:\/\/visitparnu.com\/en\/#website","url":"https:\/\/visitparnu.com\/en\/","name":"Visit P\u00e4rnu","description":"","publisher":{"@id":"https:\/\/visitparnu.com\/en\/#organization"},"potentialAction":[{"@type":"SearchAction","target":{"@type":"EntryPoint","urlTemplate":"https:\/\/visitparnu.com\/en\/?s={search_term_string}"},"query-input":{"@type":"PropertyValueSpecification","valueRequired":true,"valueName":"search_term_string"}}],"inLanguage":"en-US"},{"@type":"Organization","@id":"https:\/\/visitparnu.com\/en\/#organization","name":"Visit P\u00e4rnu","url":"https:\/\/visitparnu.com\/en\/","logo":{"@type":"ImageObject","inLanguage":"en-US","@id":"https:\/\/visitparnu.com\/en\/#\/schema\/logo\/image\/","url":"https:\/\/visitparnu.com\/wp-content\/uploads\/2022\/11\/VP_logo.svg","contentUrl":"https:\/\/visitparnu.com\/wp-content\/uploads\/2022\/11\/VP_logo.svg","width":305,"height":33,"caption":"Visit P\u00e4rnu"},"image":{"@id":"https:\/\/visitparnu.com\/en\/#\/schema\/logo\/image\/"},"sameAs":["https:\/\/www.facebook.com\/visitparnuEE\/","https:\/\/www.youtube.com\/user\/visitparnuestonia\/","https:\/\/www.instagram.com\/visitparnu\/"]}]}},"_links":{"self":[{"href":"https:\/\/visitparnu.com\/en\/wp-json\/wp\/v2\/pages\/4936926","targetHints":{"allow":["GET"]}}],"collection":[{"href":"https:\/\/visitparnu.com\/en\/wp-json\/wp\/v2\/pages"}],"about":[{"href":"https:\/\/visitparnu.com\/en\/wp-json\/wp\/v2\/types\/page"}],"author":[{"embeddable":true,"href":"https:\/\/visitparnu.com\/en\/wp-json\/wp\/v2\/users\/1"}],"replies":[{"embeddable":true,"href":"https:\/\/visitparnu.com\/en\/wp-json\/wp\/v2\/comments?post=4936926"}],"version-history":[{"count":15,"href":"https:\/\/visitparnu.com\/en\/wp-json\/wp\/v2\/pages\/4936926\/revisions"}],"predecessor-version":[{"id":5003214,"href":"https:\/\/visitparnu.com\/en\/wp-json\/wp\/v2\/pages\/4936926\/revisions\/5003214"}],"wp:featuredmedia":[{"embeddable":true,"href":"https:\/\/visitparnu.com\/en\/wp-json\/wp\/v2\/media\/4944659"}],"wp:attachment":[{"href":"https:\/\/visitparnu.com\/en\/wp-json\/wp\/v2\/media?parent=4936926"}],"curies":[{"name":"wp","href":"https:\/\/api.w.org\/{rel}","templated":true}]}}