{"id":4936920,"date":"2019-01-03T09:37:51","date_gmt":"2019-01-03T07:37:51","guid":{"rendered":"https:\/\/visitparnu.com\/parnu-bus-station\/"},"modified":"2023-08-03T09:14:51","modified_gmt":"2023-08-03T07:14:51","slug":"parnu-bus-station","status":"publish","type":"page","link":"https:\/\/visitparnu.com\/en\/parnu-bus-station\/","title":{"rendered":"P\u00e4rnu bus station"},"content":{"rendered":"\t\t<div data-elementor-type=\"wp-post\" data-elementor-id=\"4936920\" class=\"elementor elementor-4936920 elementor-4936686\" data-elementor-post-type=\"page\">\n\t\t\t\t<div class=\"elementor-element elementor-element-2176a03 content-two-col-block e-flex e-con-boxed e-con e-parent\" data-id=\"2176a03\" data-element_type=\"container\" data-e-type=\"container\">\n\t\t\t\t\t<div class=\"e-con-inner\">\n\t\t<div class=\"elementor-element elementor-element-812f966 e-con-full e-flex e-con e-parent\" data-id=\"812f966\" data-element_type=\"container\" data-e-type=\"container\">\n\t\t\t\t<div class=\"elementor-element elementor-element-7dc44d1 elementor-widget elementor-widget-text-editor\" data-id=\"7dc44d1\" data-element_type=\"widget\" data-e-type=\"widget\" data-widget_type=\"text-editor.default\">\n\t\t\t\t\t\t\t\t\t<h2><strong>Information<\/strong><\/h2>\n<p><strong><u>P\u00e4rnu Bus Station contact information:<\/u><\/strong><\/p>\n<ul>\n<li><strong>ph: 17018 \/ +372 4479725<\/strong><\/li>\n<li><strong>e-mail: info@pytk.ee<\/strong><\/li>\n<\/ul>\n<p>P\u00e4rnu\u2019s bus station is situated in the center of town, in the immediate vicinity of the old town, at Pikk 13.&nbsp;<strong>The bus station is open every day from 6:30 am to 9 pm.<\/strong>&nbsp;<br>During those hours the WC, disabled WC, mother-and-child room and showers are open as well. You can access the toilets from both the waiting hall and the platforms. The toilets cost 40 cents and the showers an additional 2 euros.<\/p>\n<p>Passengers will find plastic chairs and soft sofas at P\u00e4rnu\u2019s bus station waiting hall, so even a longer wait is comfortable.&nbsp;<strong>There is free WiFi <\/strong>and plugs in the tables and walls, so you can charge your electronics. &nbsp;At the bus station you will also find a nice traveler\u2019s library and you can take a book to browse while waiting, or even bring it along on the bus.&nbsp;<\/p>\n<p>You can find information about P\u00e4rnu and P\u00e4rnu County at the electronic info-kiosk.<\/p>\n<h2><strong>Luggage storage<\/strong><\/h2>\n<p>The hours of Cargobus luggage storage at P\u00e4rnu\u2019s bus station are:<\/p>\n<ul>\n<li>M-F 8am \u2013 6pm<\/li>\n<\/ul>\n<p>The luggage storage must be prepaid, and costs between 2\u20ac-4\u20ac depending on weight. The luggage storage does not accept pets, valuable items or food. Packages that have not been claimed in 6 months will be disposed of.<\/p>\n<p>There are also luggage storage lockers at the bus station, which are accessible when the bus station is open. The next closest storage lockers are located on the first floor of the P\u00e4rnu Keskus shopping center at Aida 7.<\/p>\t\t\t\t\t\t\t\t<\/div>\n\t\t\t\t<\/div>\n\t\t<div class=\"elementor-element elementor-element-ebdb2ef e-con-full e-flex e-con e-parent\" data-id=\"ebdb2ef\" data-element_type=\"container\" data-e-type=\"container\">\n\t\t\t\t<div class=\"elementor-element elementor-element-fa92d7d elementor-widget elementor-widget-text-editor\" data-id=\"fa92d7d\" data-element_type=\"widget\" data-e-type=\"widget\" data-widget_type=\"text-editor.default\">\n\t\t\t\t\t\t\t\t\t<h2><strong>Food<\/strong><\/h2><p>You can sit, relax and get a bite to eat at the bus station\u2019s cafes nearly any time the waiting hall is open. Feel free to grab a bottle of water or a light snack to go from the kiosk shop.<\/p><ul><li>Cafe Pagaripoisid (Mon-Sat 7am \u2013 6pm, Sun 9am \u2013 5pm)<\/li><li>Cafe-shop R-Kiosk (M-F 6.30am \u2013 9pm, Sat-Sun 8am \u2013 8pm)\u00a0<\/li><\/ul><h2><strong>Routes and tickets<\/strong><\/h2><p>Buses to other major cities and towns depart from P\u00e4rnu\u2019s bus station. \u00a0P\u00e4rnu has direct connections with Tallinn, Tartu, Viljandi, Rakvere, Haapsalu, and Saaremaa. Local lines within P\u00e4rnu County also depart from this station. <strong>Tickets for local lines are<\/strong><strong> 1,5-2\u20ac<\/strong>.<\/p><p><a href=\"https:\/\/visitparnu.com\/en\/transportation\/\" target=\"_blank\" rel=\"noopener\">Read more about public transportation.<\/a><\/p><p>International lines to and from Riga, Vilnius, Warsaw, Saint Petersburg and Minsk and others also stop at P\u00e4rnu\u2019s bus station. It is advised to buy tickets for international and domestic lines in advance.\u00a0<\/p><p><strong>You can buy bus tickets <\/strong>at the station between 6:30am and 8:30pm, or online at the following sites:<\/p><ul><li><a href=\"https:\/\/www.tpilet.ee\/en\/\" target=\"_blank\" rel=\"noopener\">Tpilet.ee<\/a>\u00a0(domestic routes)<\/li><li><a href=\"https:\/\/www.luxexpress.eu\/en\/\" target=\"_blank\" rel=\"noopener\">Luxexpress<\/a> (international routes)<\/li><li><a href=\"http:\/\/ecolines.net\/en\" target=\"_blank\" rel=\"noopener\">Ecolines<\/a> (international routes)<\/li><li><a href=\"https:\/\/global.flixbus.com\/\" target=\"_blank\" rel=\"noopener\">Flixbus<\/a> (international routes)<\/li><\/ul><p>Tickets are also available from self-service kiosks at the bus station.\u00a0<\/p><h2><strong>Bicycle storage<\/strong><\/h2><p>Free bicycle storage is available at the bus station, although you need to bring your own lock. In the storage facility you can use a pump for both presta and schrader tubes and wash your bike during the warm season. There is video surveillance in the bike storage facility as well as everywhere else inside and surrounding the bus station.<\/p><p>Whether you a nature and culture lover, enjoy small town atmosphere, want to spoil yourself in a spa, listen to beautiful concerts, or simply love the seaside, sailing, bike treks, or long walks \u2013 you will find it all in P\u00e4rnu!<\/p>\t\t\t\t\t\t\t\t<\/div>\n\t\t\t\t<\/div>\n\t\t\t\t\t<\/div>\n\t\t\t\t<\/div>\n\t\t\t\t<\/div>\n\t\t","protected":false},"excerpt":{"rendered":"<p>Information P\u00e4rnu Bus Station contact information: ph: 17018 \/ +372 4479725 e-mail: info@pytk.ee P\u00e4rnu\u2019s bus station is situated in the center of town, in the immediate vicinity of the old town, at Pikk 13.&nbsp;The bus station is open every day from 6:30 am to 9 pm.&nbsp;During those hours the WC, disabled WC, mother-and-child room and [&hellip;]<\/p>\n","protected":false},"author":1,"featured_media":4941773,"parent":0,"menu_order":0,"comment_status":"closed","ping_status":"closed","template":"","meta":{"_acf_changed":false,"footnotes":""},"class_list":["post-4936920","page","type-page","status-publish","has-post-thumbnail","hentry"],"acf":[],"yoast_head":"<!-- This site is optimized with the Yoast SEO plugin v27.3 - https:\/\/yoast.com\/product\/yoast-seo-wordpress\/ -->\n<title>P\u00e4rnu bus station - Visit P\u00e4rnu<\/title>\n<meta name=\"robots\" content=\"index, follow, max-snippet:-1, max-image-preview:large, max-video-preview:-1\" \/>\n<link rel=\"canonical\" href=\"https:\/\/visitparnu.com\/en\/parnu-bus-station\/\" \/>\n<meta property=\"og:locale\" content=\"en_US\" \/>\n<meta property=\"og:type\" content=\"article\" \/>\n<meta property=\"og:title\" content=\"P\u00e4rnu bus station - Visit P\u00e4rnu\" \/>\n<meta property=\"og:description\" content=\"Information P\u00e4rnu Bus Station contact information: ph: 17018 \/ +372 4479725 e-mail: info@pytk.ee P\u00e4rnu\u2019s bus station is situated in the center of town, in the immediate vicinity of the old town, at Pikk 13.&nbsp;The bus station is open every day from 6:30 am to 9 pm.&nbsp;During those hours the WC, disabled WC, mother-and-child room and [&hellip;]\" \/>\n<meta property=\"og:url\" content=\"https:\/\/visitparnu.com\/en\/parnu-bus-station\/\" \/>\n<meta property=\"og:site_name\" content=\"Visit P\u00e4rnu\" \/>\n<meta property=\"article:publisher\" content=\"https:\/\/www.facebook.com\/visitparnuEE\/\" \/>\n<meta property=\"article:modified_time\" content=\"2023-08-03T07:14:51+00:00\" \/>\n<meta property=\"og:image\" content=\"https:\/\/visitparnu.com\/wp-content\/uploads\/2023\/01\/Parnu-bussijaam-scaled-1.jpg\" \/>\n\t<meta property=\"og:image:width\" content=\"2560\" \/>\n\t<meta property=\"og:image:height\" content=\"1149\" \/>\n\t<meta property=\"og:image:type\" content=\"image\/jpeg\" \/>\n<meta name=\"twitter:card\" content=\"summary_large_image\" \/>\n<meta name=\"twitter:label1\" content=\"Est. reading time\" \/>\n\t<meta name=\"twitter:data1\" content=\"3 minutes\" \/>\n<script type=\"application\/ld+json\" class=\"yoast-schema-graph\">{\"@context\":\"https:\\\/\\\/schema.org\",\"@graph\":[{\"@type\":\"WebPage\",\"@id\":\"https:\\\/\\\/visitparnu.com\\\/en\\\/parnu-bus-station\\\/\",\"url\":\"https:\\\/\\\/visitparnu.com\\\/en\\\/parnu-bus-station\\\/\",\"name\":\"P\u00e4rnu bus station - Visit P\u00e4rnu\",\"isPartOf\":{\"@id\":\"https:\\\/\\\/visitparnu.com\\\/en\\\/#website\"},\"primaryImageOfPage\":{\"@id\":\"https:\\\/\\\/visitparnu.com\\\/en\\\/parnu-bus-station\\\/#primaryimage\"},\"image\":{\"@id\":\"https:\\\/\\\/visitparnu.com\\\/en\\\/parnu-bus-station\\\/#primaryimage\"},\"thumbnailUrl\":\"https:\\\/\\\/visitparnu.com\\\/wp-content\\\/uploads\\\/2023\\\/01\\\/Parnu-bussijaam-scaled-1.jpg\",\"datePublished\":\"2019-01-03T07:37:51+00:00\",\"dateModified\":\"2023-08-03T07:14:51+00:00\",\"breadcrumb\":{\"@id\":\"https:\\\/\\\/visitparnu.com\\\/en\\\/parnu-bus-station\\\/#breadcrumb\"},\"inLanguage\":\"en-US\",\"potentialAction\":[{\"@type\":\"ReadAction\",\"target\":[\"https:\\\/\\\/visitparnu.com\\\/en\\\/parnu-bus-station\\\/\"]}]},{\"@type\":\"ImageObject\",\"inLanguage\":\"en-US\",\"@id\":\"https:\\\/\\\/visitparnu.com\\\/en\\\/parnu-bus-station\\\/#primaryimage\",\"url\":\"https:\\\/\\\/visitparnu.com\\\/wp-content\\\/uploads\\\/2023\\\/01\\\/Parnu-bussijaam-scaled-1.jpg\",\"contentUrl\":\"https:\\\/\\\/visitparnu.com\\\/wp-content\\\/uploads\\\/2023\\\/01\\\/Parnu-bussijaam-scaled-1.jpg\",\"width\":2560,\"height\":1149},{\"@type\":\"BreadcrumbList\",\"@id\":\"https:\\\/\\\/visitparnu.com\\\/en\\\/parnu-bus-station\\\/#breadcrumb\",\"itemListElement\":[{\"@type\":\"ListItem\",\"position\":1,\"name\":\"\",\"item\":\"https:\\\/\\\/visitparnu.com\\\/en\\\/\"},{\"@type\":\"ListItem\",\"position\":2,\"name\":\"P\u00e4rnu bus station\"}]},{\"@type\":\"WebSite\",\"@id\":\"https:\\\/\\\/visitparnu.com\\\/en\\\/#website\",\"url\":\"https:\\\/\\\/visitparnu.com\\\/en\\\/\",\"name\":\"Visit P\u00e4rnu\",\"description\":\"\",\"publisher\":{\"@id\":\"https:\\\/\\\/visitparnu.com\\\/en\\\/#organization\"},\"potentialAction\":[{\"@type\":\"SearchAction\",\"target\":{\"@type\":\"EntryPoint\",\"urlTemplate\":\"https:\\\/\\\/visitparnu.com\\\/en\\\/?s={search_term_string}\"},\"query-input\":{\"@type\":\"PropertyValueSpecification\",\"valueRequired\":true,\"valueName\":\"search_term_string\"}}],\"inLanguage\":\"en-US\"},{\"@type\":\"Organization\",\"@id\":\"https:\\\/\\\/visitparnu.com\\\/en\\\/#organization\",\"name\":\"Visit P\u00e4rnu\",\"url\":\"https:\\\/\\\/visitparnu.com\\\/en\\\/\",\"logo\":{\"@type\":\"ImageObject\",\"inLanguage\":\"en-US\",\"@id\":\"https:\\\/\\\/visitparnu.com\\\/en\\\/#\\\/schema\\\/logo\\\/image\\\/\",\"url\":\"https:\\\/\\\/visitparnu.com\\\/wp-content\\\/uploads\\\/2022\\\/11\\\/VP_logo.svg\",\"contentUrl\":\"https:\\\/\\\/visitparnu.com\\\/wp-content\\\/uploads\\\/2022\\\/11\\\/VP_logo.svg\",\"width\":305,\"height\":33,\"caption\":\"Visit P\u00e4rnu\"},\"image\":{\"@id\":\"https:\\\/\\\/visitparnu.com\\\/en\\\/#\\\/schema\\\/logo\\\/image\\\/\"},\"sameAs\":[\"https:\\\/\\\/www.facebook.com\\\/visitparnuEE\\\/\",\"https:\\\/\\\/www.youtube.com\\\/user\\\/visitparnuestonia\\\/\",\"https:\\\/\\\/www.instagram.com\\\/visitparnu\\\/\"]}]}<\/script>\n<!-- \/ Yoast SEO plugin. -->","yoast_head_json":{"title":"P\u00e4rnu bus station - Visit P\u00e4rnu","robots":{"index":"index","follow":"follow","max-snippet":"max-snippet:-1","max-image-preview":"max-image-preview:large","max-video-preview":"max-video-preview:-1"},"canonical":"https:\/\/visitparnu.com\/en\/parnu-bus-station\/","og_locale":"en_US","og_type":"article","og_title":"P\u00e4rnu bus station - Visit P\u00e4rnu","og_description":"Information P\u00e4rnu Bus Station contact information: ph: 17018 \/ +372 4479725 e-mail: info@pytk.ee P\u00e4rnu\u2019s bus station is situated in the center of town, in the immediate vicinity of the old town, at Pikk 13.&nbsp;The bus station is open every day from 6:30 am to 9 pm.&nbsp;During those hours the WC, disabled WC, mother-and-child room and [&hellip;]","og_url":"https:\/\/visitparnu.com\/en\/parnu-bus-station\/","og_site_name":"Visit P\u00e4rnu","article_publisher":"https:\/\/www.facebook.com\/visitparnuEE\/","article_modified_time":"2023-08-03T07:14:51+00:00","og_image":[{"width":2560,"height":1149,"url":"https:\/\/visitparnu.com\/wp-content\/uploads\/2023\/01\/Parnu-bussijaam-scaled-1.jpg","type":"image\/jpeg"}],"twitter_card":"summary_large_image","twitter_misc":{"Est. reading time":"3 minutes"},"schema":{"@context":"https:\/\/schema.org","@graph":[{"@type":"WebPage","@id":"https:\/\/visitparnu.com\/en\/parnu-bus-station\/","url":"https:\/\/visitparnu.com\/en\/parnu-bus-station\/","name":"P\u00e4rnu bus station - Visit P\u00e4rnu","isPartOf":{"@id":"https:\/\/visitparnu.com\/en\/#website"},"primaryImageOfPage":{"@id":"https:\/\/visitparnu.com\/en\/parnu-bus-station\/#primaryimage"},"image":{"@id":"https:\/\/visitparnu.com\/en\/parnu-bus-station\/#primaryimage"},"thumbnailUrl":"https:\/\/visitparnu.com\/wp-content\/uploads\/2023\/01\/Parnu-bussijaam-scaled-1.jpg","datePublished":"2019-01-03T07:37:51+00:00","dateModified":"2023-08-03T07:14:51+00:00","breadcrumb":{"@id":"https:\/\/visitparnu.com\/en\/parnu-bus-station\/#breadcrumb"},"inLanguage":"en-US","potentialAction":[{"@type":"ReadAction","target":["https:\/\/visitparnu.com\/en\/parnu-bus-station\/"]}]},{"@type":"ImageObject","inLanguage":"en-US","@id":"https:\/\/visitparnu.com\/en\/parnu-bus-station\/#primaryimage","url":"https:\/\/visitparnu.com\/wp-content\/uploads\/2023\/01\/Parnu-bussijaam-scaled-1.jpg","contentUrl":"https:\/\/visitparnu.com\/wp-content\/uploads\/2023\/01\/Parnu-bussijaam-scaled-1.jpg","width":2560,"height":1149},{"@type":"BreadcrumbList","@id":"https:\/\/visitparnu.com\/en\/parnu-bus-station\/#breadcrumb","itemListElement":[{"@type":"ListItem","position":1,"name":"","item":"https:\/\/visitparnu.com\/en\/"},{"@type":"ListItem","position":2,"name":"P\u00e4rnu bus station"}]},{"@type":"WebSite","@id":"https:\/\/visitparnu.com\/en\/#website","url":"https:\/\/visitparnu.com\/en\/","name":"Visit P\u00e4rnu","description":"","publisher":{"@id":"https:\/\/visitparnu.com\/en\/#organization"},"potentialAction":[{"@type":"SearchAction","target":{"@type":"EntryPoint","urlTemplate":"https:\/\/visitparnu.com\/en\/?s={search_term_string}"},"query-input":{"@type":"PropertyValueSpecification","valueRequired":true,"valueName":"search_term_string"}}],"inLanguage":"en-US"},{"@type":"Organization","@id":"https:\/\/visitparnu.com\/en\/#organization","name":"Visit P\u00e4rnu","url":"https:\/\/visitparnu.com\/en\/","logo":{"@type":"ImageObject","inLanguage":"en-US","@id":"https:\/\/visitparnu.com\/en\/#\/schema\/logo\/image\/","url":"https:\/\/visitparnu.com\/wp-content\/uploads\/2022\/11\/VP_logo.svg","contentUrl":"https:\/\/visitparnu.com\/wp-content\/uploads\/2022\/11\/VP_logo.svg","width":305,"height":33,"caption":"Visit P\u00e4rnu"},"image":{"@id":"https:\/\/visitparnu.com\/en\/#\/schema\/logo\/image\/"},"sameAs":["https:\/\/www.facebook.com\/visitparnuEE\/","https:\/\/www.youtube.com\/user\/visitparnuestonia\/","https:\/\/www.instagram.com\/visitparnu\/"]}]}},"_links":{"self":[{"href":"https:\/\/visitparnu.com\/en\/wp-json\/wp\/v2\/pages\/4936920","targetHints":{"allow":["GET"]}}],"collection":[{"href":"https:\/\/visitparnu.com\/en\/wp-json\/wp\/v2\/pages"}],"about":[{"href":"https:\/\/visitparnu.com\/en\/wp-json\/wp\/v2\/types\/page"}],"author":[{"embeddable":true,"href":"https:\/\/visitparnu.com\/en\/wp-json\/wp\/v2\/users\/1"}],"replies":[{"embeddable":true,"href":"https:\/\/visitparnu.com\/en\/wp-json\/wp\/v2\/comments?post=4936920"}],"version-history":[{"count":20,"href":"https:\/\/visitparnu.com\/en\/wp-json\/wp\/v2\/pages\/4936920\/revisions"}],"predecessor-version":[{"id":4979108,"href":"https:\/\/visitparnu.com\/en\/wp-json\/wp\/v2\/pages\/4936920\/revisions\/4979108"}],"wp:featuredmedia":[{"embeddable":true,"href":"https:\/\/visitparnu.com\/en\/wp-json\/wp\/v2\/media\/4941773"}],"wp:attachment":[{"href":"https:\/\/visitparnu.com\/en\/wp-json\/wp\/v2\/media?parent=4936920"}],"curies":[{"name":"wp","href":"https:\/\/api.w.org\/{rel}","templated":true}]}}