{"id":4936916,"date":"2019-05-28T15:57:08","date_gmt":"2019-05-28T13:57:08","guid":{"rendered":"https:\/\/visitparnu.com\/weather-in-parnu\/"},"modified":"2023-01-26T16:20:38","modified_gmt":"2023-01-26T14:20:38","slug":"weather-in-parnu","status":"publish","type":"page","link":"https:\/\/visitparnu.com\/en\/weather-in-parnu\/","title":{"rendered":"Weather in P\u00e4rnu"},"content":{"rendered":"\t\t<div data-elementor-type=\"wp-post\" data-elementor-id=\"4936916\" class=\"elementor elementor-4936916 elementor-4936693\" data-elementor-post-type=\"page\">\n\t\t\t\t\t\t<section class=\"elementor-section elementor-top-section elementor-element elementor-element-3421a71 elementor-section-full_width elementor-section-height-default elementor-section-height-default\" data-id=\"3421a71\" data-element_type=\"section\" data-e-type=\"section\">\n\t\t\t\t\t\t<div class=\"elementor-container elementor-column-gap-default\">\n\t\t\t\t\t<div class=\"elementor-column elementor-col-50 elementor-top-column elementor-element elementor-element-459af7b\" data-id=\"459af7b\" data-element_type=\"column\" data-e-type=\"column\">\n\t\t\t<div class=\"elementor-widget-wrap elementor-element-populated\">\n\t\t\t\t\t\t<div class=\"elementor-element elementor-element-6035b87 elementor-widget elementor-widget-text-editor\" data-id=\"6035b87\" data-element_type=\"widget\" data-e-type=\"widget\" data-widget_type=\"text-editor.default\">\n\t\t\t\t\t\t\t\t\t<p>The weather in P\u00e4rnu can change very rapidly, but we usually have higher temperatures than the rest of Estonia. This explains why P\u00e4rnu is Estonia\u2019s summer capital. When the weather is good, the streets of P\u00e4rnu fills with thousands of visitors who travel here because of our nice beaches and our versatile cultural programs.<\/p><h2><strong>Summertime weather in P\u00e4rnu<\/strong><\/h2><p>June, July and August comprise the summer season for us and the height of summer is definitely July.\u00a0<strong>During that time the weather in P\u00e4rnu is fairly warm with temperatures between 15\u201320 \u00b0C, even 22\u201327 \u00b0C during hotter summers.\u00a0<\/strong>We have also experienced higher temperatures, for example, during the summer of 2018 the temperature exceeded 30 \u00b0C on more than 10 separate days.<\/p>\t\t\t\t\t\t\t\t<\/div>\n\t\t\t\t<div class=\"elementor-element elementor-element-14ba7e6 elementor-widget elementor-widget-image\" data-id=\"14ba7e6\" data-element_type=\"widget\" data-e-type=\"widget\" data-widget_type=\"image.default\">\n\t\t\t\t\t\t\t\t\t\t\t\t<figure class=\"wp-caption\">\n\t\t\t\t\t\t\t\t\t\t<img fetchpriority=\"high\" decoding=\"async\" width=\"700\" height=\"466\" src=\"https:\/\/visitparnu.com\/wp-content\/uploads\/2022\/12\/Sunset-Parnu-beach.jpg\" class=\"attachment-large size-large wp-image-4934679\" alt=\"\" srcset=\"https:\/\/visitparnu.com\/wp-content\/uploads\/2022\/12\/Sunset-Parnu-beach.jpg 700w, https:\/\/visitparnu.com\/wp-content\/uploads\/2022\/12\/Sunset-Parnu-beach-300x200.jpg 300w\" sizes=\"(max-width: 700px) 100vw, 700px\" \/>\t\t\t\t\t\t\t\t\t\t\t<figcaption class=\"widget-image-caption wp-caption-text\">Elephant on P\u00e4rnu beach<\/figcaption>\n\t\t\t\t\t\t\t\t\t\t<\/figure>\n\t\t\t\t\t\t\t\t\t<\/div>\n\t\t\t\t<div class=\"elementor-element elementor-element-829a7eb elementor-widget elementor-widget-text-editor\" data-id=\"829a7eb\" data-element_type=\"widget\" data-e-type=\"widget\" data-widget_type=\"text-editor.default\">\n\t\t\t\t\t\t\t\t\t<h2><strong>Fall weather in P\u00e4rnu<\/strong><\/h2><p>Fall officials runs from the second half of September until the winter solstice (December 21<sup>st<\/sup> or 22<sup>nd<\/sup>), although the season effectively ends in November. During this time, P\u00e4rnu gets windier, but you can still enjoy beautiful sunsets on the beach when the weather is relatively calm.\u00a0<strong>Temperatures range between 1 \u00b0C to 11 \u00b0C.\u00a0<\/strong>In addition, fall is the perfect time to soak in calm streets and colorful nature. Even though September, October and November comprise the fall, the first snowfall can already be expected in October.<\/p>\t\t\t\t\t\t\t\t<\/div>\n\t\t\t\t\t<\/div>\n\t\t<\/div>\n\t\t\t\t<div class=\"elementor-column elementor-col-50 elementor-top-column elementor-element elementor-element-ff1ea57\" data-id=\"ff1ea57\" data-element_type=\"column\" data-e-type=\"column\">\n\t\t\t<div class=\"elementor-widget-wrap elementor-element-populated\">\n\t\t\t\t\t\t<div class=\"elementor-element elementor-element-f3add77 elementor-widget elementor-widget-text-editor\" data-id=\"f3add77\" data-element_type=\"widget\" data-e-type=\"widget\" data-widget_type=\"text-editor.default\">\n\t\t\t\t\t\t\t\t\t<h2><strong>Winter weather in P\u00e4rnu<\/strong><\/h2><p>While even about 10 years ago the winters were overwhelmingly frosty and cold, the past couple of years have been quite mild. <strong>Generally, the temperatures stay between 5 \u00b0C to -15 \u00b0C<\/strong>, but you should still pack warm clothes since the temperatures can drop below -15 \u00b0C. Snow can be expected in P\u00e4rnu, and the rest of Estonia, from December to March.<\/p><h2><strong>Spring weather in P\u00e4rnu<\/strong><\/h2><p>Spring starts in the second half of March, when birds start to migrate north, animals wake from hibernation and the first flowers begin to bloom. It is the perfect time to visit P\u00e4rnu, unless you\u2019re planning to go swimming, since the weather gets warmer and days get longer. <strong>Temperatures stay between -1 \u00b0C to 11 \u00b0C.<\/strong><\/p>\t\t\t\t\t\t\t\t<\/div>\n\t\t\t\t<div class=\"elementor-element elementor-element-f111533 elementor-widget elementor-widget-image\" data-id=\"f111533\" data-element_type=\"widget\" data-e-type=\"widget\" data-widget_type=\"image.default\">\n\t\t\t\t\t\t\t\t\t\t\t\t<figure class=\"wp-caption\">\n\t\t\t\t\t\t\t\t\t\t<img decoding=\"async\" width=\"700\" height=\"467\" src=\"https:\/\/visitparnu.com\/wp-content\/uploads\/2022\/12\/Weather-in-Parnu.jpg\" class=\"attachment-large size-large wp-image-4934680\" alt=\"\" srcset=\"https:\/\/visitparnu.com\/wp-content\/uploads\/2022\/12\/Weather-in-Parnu.jpg 700w, https:\/\/visitparnu.com\/wp-content\/uploads\/2022\/12\/Weather-in-Parnu-300x200.jpg 300w\" sizes=\"(max-width: 700px) 100vw, 700px\" \/>\t\t\t\t\t\t\t\t\t\t\t<figcaption class=\"widget-image-caption wp-caption-text\">Hiking trail in P\u00e4rnu in the fall<\/figcaption>\n\t\t\t\t\t\t\t\t\t\t<\/figure>\n\t\t\t\t\t\t\t\t\t<\/div>\n\t\t\t\t<div class=\"elementor-element elementor-element-a720718 elementor-widget elementor-widget-text-editor\" data-id=\"a720718\" data-element_type=\"widget\" data-e-type=\"widget\" data-widget_type=\"text-editor.default\">\n\t\t\t\t\t\t\t\t\t<h2><strong>Interesting P\u00e4rnu \u00a0weather facts:<\/strong><\/h2><ul><li>A storm in January 2005, which had an average wind speed of 25 m\/s, was one of the biggest storms ever recorded in P\u00e4rnu.<\/li><li>The maximum speed of wind gusts measured in P\u00e4rnu County has been 33 m\/s, the record in all of Estonia is 40 m\/s.<\/li><li>The coldest temperature measured in P\u00e4rnu is -34.8 \u00b0C which was recorded in 1893.<\/li><li>The coldest temperature measured on nearby Kihnu Island is -32.4 \u00b0C which was recorded in 1978.<\/li><li>P\u00e4rnu\u2019s hottest recorded temperature is 33.2\u00b0C, measured in 2003.<\/li><li>P\u00e4rnu owns the record for Estonia\u2019s driest year \u2013 the yearly rainfall in 1941 was only 309 mm (the average across Estonia is 550-800 mm).<\/li><li>Estonia\u2019s highest water level was recorded in P\u00e4rnu in 2005, when floodwaters crested at 294 cm above normal.<\/li><li>The thickest snow cover in P\u00e4rnu County has been recorded as 53 cm.<\/li><\/ul>\t\t\t\t\t\t\t\t<\/div>\n\t\t\t\t\t<\/div>\n\t\t<\/div>\n\t\t\t\t\t<\/div>\n\t\t<\/section>\n\t\t\t\t<\/div>\n\t\t","protected":false},"excerpt":{"rendered":"<p>The weather in P\u00e4rnu can change very rapidly, but we usually have higher temperatures than the rest of Estonia. This explains why P\u00e4rnu is Estonia\u2019s summer capital. When the weather is good, the streets of P\u00e4rnu fills with thousands of visitors who travel here because of our nice beaches and our versatile cultural programs. Summertime [&hellip;]<\/p>\n","protected":false},"author":1,"featured_media":4934679,"parent":0,"menu_order":0,"comment_status":"closed","ping_status":"closed","template":"","meta":{"_acf_changed":false,"footnotes":""},"class_list":["post-4936916","page","type-page","status-publish","has-post-thumbnail","hentry"],"acf":[],"yoast_head":"<!-- This site is optimized with the Yoast SEO plugin v27.3 - https:\/\/yoast.com\/product\/yoast-seo-wordpress\/ -->\n<title>Weather in P\u00e4rnu - Visit P\u00e4rnu<\/title>\n<meta name=\"robots\" content=\"index, follow, max-snippet:-1, max-image-preview:large, max-video-preview:-1\" \/>\n<link rel=\"canonical\" href=\"https:\/\/visitparnu.com\/en\/weather-in-parnu\/\" \/>\n<meta property=\"og:locale\" content=\"en_US\" \/>\n<meta property=\"og:type\" content=\"article\" \/>\n<meta property=\"og:title\" content=\"Weather in P\u00e4rnu - Visit P\u00e4rnu\" \/>\n<meta property=\"og:description\" content=\"The weather in P\u00e4rnu can change very rapidly, but we usually have higher temperatures than the rest of Estonia. This explains why P\u00e4rnu is Estonia\u2019s summer capital. When the weather is good, the streets of P\u00e4rnu fills with thousands of visitors who travel here because of our nice beaches and our versatile cultural programs. Summertime [&hellip;]\" \/>\n<meta property=\"og:url\" content=\"https:\/\/visitparnu.com\/en\/weather-in-parnu\/\" \/>\n<meta property=\"og:site_name\" content=\"Visit P\u00e4rnu\" \/>\n<meta property=\"article:publisher\" content=\"https:\/\/www.facebook.com\/visitparnuEE\/\" \/>\n<meta property=\"article:modified_time\" content=\"2023-01-26T14:20:38+00:00\" \/>\n<meta property=\"og:image\" content=\"https:\/\/visitparnu.com\/wp-content\/uploads\/2022\/12\/Sunset-Parnu-beach.jpg\" \/>\n\t<meta property=\"og:image:width\" content=\"700\" \/>\n\t<meta property=\"og:image:height\" content=\"466\" \/>\n\t<meta property=\"og:image:type\" content=\"image\/jpeg\" \/>\n<meta name=\"twitter:card\" content=\"summary_large_image\" \/>\n<meta name=\"twitter:label1\" content=\"Est. reading time\" \/>\n\t<meta name=\"twitter:data1\" content=\"3 minutes\" \/>\n<script type=\"application\/ld+json\" class=\"yoast-schema-graph\">{\"@context\":\"https:\\\/\\\/schema.org\",\"@graph\":[{\"@type\":\"WebPage\",\"@id\":\"https:\\\/\\\/visitparnu.com\\\/en\\\/weather-in-parnu\\\/\",\"url\":\"https:\\\/\\\/visitparnu.com\\\/en\\\/weather-in-parnu\\\/\",\"name\":\"Weather in P\u00e4rnu - Visit P\u00e4rnu\",\"isPartOf\":{\"@id\":\"https:\\\/\\\/visitparnu.com\\\/en\\\/#website\"},\"primaryImageOfPage\":{\"@id\":\"https:\\\/\\\/visitparnu.com\\\/en\\\/weather-in-parnu\\\/#primaryimage\"},\"image\":{\"@id\":\"https:\\\/\\\/visitparnu.com\\\/en\\\/weather-in-parnu\\\/#primaryimage\"},\"thumbnailUrl\":\"https:\\\/\\\/visitparnu.com\\\/wp-content\\\/uploads\\\/2022\\\/12\\\/Sunset-Parnu-beach.jpg\",\"datePublished\":\"2019-05-28T13:57:08+00:00\",\"dateModified\":\"2023-01-26T14:20:38+00:00\",\"breadcrumb\":{\"@id\":\"https:\\\/\\\/visitparnu.com\\\/en\\\/weather-in-parnu\\\/#breadcrumb\"},\"inLanguage\":\"en-US\",\"potentialAction\":[{\"@type\":\"ReadAction\",\"target\":[\"https:\\\/\\\/visitparnu.com\\\/en\\\/weather-in-parnu\\\/\"]}]},{\"@type\":\"ImageObject\",\"inLanguage\":\"en-US\",\"@id\":\"https:\\\/\\\/visitparnu.com\\\/en\\\/weather-in-parnu\\\/#primaryimage\",\"url\":\"https:\\\/\\\/visitparnu.com\\\/wp-content\\\/uploads\\\/2022\\\/12\\\/Sunset-Parnu-beach.jpg\",\"contentUrl\":\"https:\\\/\\\/visitparnu.com\\\/wp-content\\\/uploads\\\/2022\\\/12\\\/Sunset-Parnu-beach.jpg\",\"width\":700,\"height\":466},{\"@type\":\"BreadcrumbList\",\"@id\":\"https:\\\/\\\/visitparnu.com\\\/en\\\/weather-in-parnu\\\/#breadcrumb\",\"itemListElement\":[{\"@type\":\"ListItem\",\"position\":1,\"name\":\"\",\"item\":\"https:\\\/\\\/visitparnu.com\\\/en\\\/\"},{\"@type\":\"ListItem\",\"position\":2,\"name\":\"Weather in P\u00e4rnu\"}]},{\"@type\":\"WebSite\",\"@id\":\"https:\\\/\\\/visitparnu.com\\\/en\\\/#website\",\"url\":\"https:\\\/\\\/visitparnu.com\\\/en\\\/\",\"name\":\"Visit P\u00e4rnu\",\"description\":\"\",\"publisher\":{\"@id\":\"https:\\\/\\\/visitparnu.com\\\/en\\\/#organization\"},\"potentialAction\":[{\"@type\":\"SearchAction\",\"target\":{\"@type\":\"EntryPoint\",\"urlTemplate\":\"https:\\\/\\\/visitparnu.com\\\/en\\\/?s={search_term_string}\"},\"query-input\":{\"@type\":\"PropertyValueSpecification\",\"valueRequired\":true,\"valueName\":\"search_term_string\"}}],\"inLanguage\":\"en-US\"},{\"@type\":\"Organization\",\"@id\":\"https:\\\/\\\/visitparnu.com\\\/en\\\/#organization\",\"name\":\"Visit P\u00e4rnu\",\"url\":\"https:\\\/\\\/visitparnu.com\\\/en\\\/\",\"logo\":{\"@type\":\"ImageObject\",\"inLanguage\":\"en-US\",\"@id\":\"https:\\\/\\\/visitparnu.com\\\/en\\\/#\\\/schema\\\/logo\\\/image\\\/\",\"url\":\"https:\\\/\\\/visitparnu.com\\\/wp-content\\\/uploads\\\/2022\\\/11\\\/VP_logo.svg\",\"contentUrl\":\"https:\\\/\\\/visitparnu.com\\\/wp-content\\\/uploads\\\/2022\\\/11\\\/VP_logo.svg\",\"width\":305,\"height\":33,\"caption\":\"Visit P\u00e4rnu\"},\"image\":{\"@id\":\"https:\\\/\\\/visitparnu.com\\\/en\\\/#\\\/schema\\\/logo\\\/image\\\/\"},\"sameAs\":[\"https:\\\/\\\/www.facebook.com\\\/visitparnuEE\\\/\",\"https:\\\/\\\/www.youtube.com\\\/user\\\/visitparnuestonia\\\/\",\"https:\\\/\\\/www.instagram.com\\\/visitparnu\\\/\"]}]}<\/script>\n<!-- \/ Yoast SEO plugin. -->","yoast_head_json":{"title":"Weather in P\u00e4rnu - Visit P\u00e4rnu","robots":{"index":"index","follow":"follow","max-snippet":"max-snippet:-1","max-image-preview":"max-image-preview:large","max-video-preview":"max-video-preview:-1"},"canonical":"https:\/\/visitparnu.com\/en\/weather-in-parnu\/","og_locale":"en_US","og_type":"article","og_title":"Weather in P\u00e4rnu - Visit P\u00e4rnu","og_description":"The weather in P\u00e4rnu can change very rapidly, but we usually have higher temperatures than the rest of Estonia. This explains why P\u00e4rnu is Estonia\u2019s summer capital. When the weather is good, the streets of P\u00e4rnu fills with thousands of visitors who travel here because of our nice beaches and our versatile cultural programs. Summertime [&hellip;]","og_url":"https:\/\/visitparnu.com\/en\/weather-in-parnu\/","og_site_name":"Visit P\u00e4rnu","article_publisher":"https:\/\/www.facebook.com\/visitparnuEE\/","article_modified_time":"2023-01-26T14:20:38+00:00","og_image":[{"width":700,"height":466,"url":"https:\/\/visitparnu.com\/wp-content\/uploads\/2022\/12\/Sunset-Parnu-beach.jpg","type":"image\/jpeg"}],"twitter_card":"summary_large_image","twitter_misc":{"Est. reading time":"3 minutes"},"schema":{"@context":"https:\/\/schema.org","@graph":[{"@type":"WebPage","@id":"https:\/\/visitparnu.com\/en\/weather-in-parnu\/","url":"https:\/\/visitparnu.com\/en\/weather-in-parnu\/","name":"Weather in P\u00e4rnu - Visit P\u00e4rnu","isPartOf":{"@id":"https:\/\/visitparnu.com\/en\/#website"},"primaryImageOfPage":{"@id":"https:\/\/visitparnu.com\/en\/weather-in-parnu\/#primaryimage"},"image":{"@id":"https:\/\/visitparnu.com\/en\/weather-in-parnu\/#primaryimage"},"thumbnailUrl":"https:\/\/visitparnu.com\/wp-content\/uploads\/2022\/12\/Sunset-Parnu-beach.jpg","datePublished":"2019-05-28T13:57:08+00:00","dateModified":"2023-01-26T14:20:38+00:00","breadcrumb":{"@id":"https:\/\/visitparnu.com\/en\/weather-in-parnu\/#breadcrumb"},"inLanguage":"en-US","potentialAction":[{"@type":"ReadAction","target":["https:\/\/visitparnu.com\/en\/weather-in-parnu\/"]}]},{"@type":"ImageObject","inLanguage":"en-US","@id":"https:\/\/visitparnu.com\/en\/weather-in-parnu\/#primaryimage","url":"https:\/\/visitparnu.com\/wp-content\/uploads\/2022\/12\/Sunset-Parnu-beach.jpg","contentUrl":"https:\/\/visitparnu.com\/wp-content\/uploads\/2022\/12\/Sunset-Parnu-beach.jpg","width":700,"height":466},{"@type":"BreadcrumbList","@id":"https:\/\/visitparnu.com\/en\/weather-in-parnu\/#breadcrumb","itemListElement":[{"@type":"ListItem","position":1,"name":"","item":"https:\/\/visitparnu.com\/en\/"},{"@type":"ListItem","position":2,"name":"Weather in P\u00e4rnu"}]},{"@type":"WebSite","@id":"https:\/\/visitparnu.com\/en\/#website","url":"https:\/\/visitparnu.com\/en\/","name":"Visit P\u00e4rnu","description":"","publisher":{"@id":"https:\/\/visitparnu.com\/en\/#organization"},"potentialAction":[{"@type":"SearchAction","target":{"@type":"EntryPoint","urlTemplate":"https:\/\/visitparnu.com\/en\/?s={search_term_string}"},"query-input":{"@type":"PropertyValueSpecification","valueRequired":true,"valueName":"search_term_string"}}],"inLanguage":"en-US"},{"@type":"Organization","@id":"https:\/\/visitparnu.com\/en\/#organization","name":"Visit P\u00e4rnu","url":"https:\/\/visitparnu.com\/en\/","logo":{"@type":"ImageObject","inLanguage":"en-US","@id":"https:\/\/visitparnu.com\/en\/#\/schema\/logo\/image\/","url":"https:\/\/visitparnu.com\/wp-content\/uploads\/2022\/11\/VP_logo.svg","contentUrl":"https:\/\/visitparnu.com\/wp-content\/uploads\/2022\/11\/VP_logo.svg","width":305,"height":33,"caption":"Visit P\u00e4rnu"},"image":{"@id":"https:\/\/visitparnu.com\/en\/#\/schema\/logo\/image\/"},"sameAs":["https:\/\/www.facebook.com\/visitparnuEE\/","https:\/\/www.youtube.com\/user\/visitparnuestonia\/","https:\/\/www.instagram.com\/visitparnu\/"]}]}},"_links":{"self":[{"href":"https:\/\/visitparnu.com\/en\/wp-json\/wp\/v2\/pages\/4936916","targetHints":{"allow":["GET"]}}],"collection":[{"href":"https:\/\/visitparnu.com\/en\/wp-json\/wp\/v2\/pages"}],"about":[{"href":"https:\/\/visitparnu.com\/en\/wp-json\/wp\/v2\/types\/page"}],"author":[{"embeddable":true,"href":"https:\/\/visitparnu.com\/en\/wp-json\/wp\/v2\/users\/1"}],"replies":[{"embeddable":true,"href":"https:\/\/visitparnu.com\/en\/wp-json\/wp\/v2\/comments?post=4936916"}],"version-history":[{"count":9,"href":"https:\/\/visitparnu.com\/en\/wp-json\/wp\/v2\/pages\/4936916\/revisions"}],"predecessor-version":[{"id":4954257,"href":"https:\/\/visitparnu.com\/en\/wp-json\/wp\/v2\/pages\/4936916\/revisions\/4954257"}],"wp:featuredmedia":[{"embeddable":true,"href":"https:\/\/visitparnu.com\/en\/wp-json\/wp\/v2\/media\/4934679"}],"wp:attachment":[{"href":"https:\/\/visitparnu.com\/en\/wp-json\/wp\/v2\/media?parent=4936916"}],"curies":[{"name":"wp","href":"https:\/\/api.w.org\/{rel}","templated":true}]}}