{"id":4936910,"date":"2018-12-13T06:20:19","date_gmt":"2018-12-13T04:20:19","guid":{"rendered":"https:\/\/visitparnu.com\/parnu-airport\/"},"modified":"2024-03-19T15:55:32","modified_gmt":"2024-03-19T13:55:32","slug":"parnu-airport","status":"publish","type":"page","link":"https:\/\/visitparnu.com\/en\/parnu-airport\/","title":{"rendered":"P\u00e4rnu airport"},"content":{"rendered":"\t\t<div data-elementor-type=\"wp-post\" data-elementor-id=\"4936910\" class=\"elementor elementor-4936910 elementor-4936679\" data-elementor-post-type=\"page\">\n\t\t\t\t<div class=\"elementor-element elementor-element-a836d6f content-one-col-block e-flex e-con-boxed e-con e-parent\" data-id=\"a836d6f\" data-element_type=\"container\" data-e-type=\"container\">\n\t\t\t\t\t<div class=\"e-con-inner\">\n\t\t<div class=\"elementor-element elementor-element-15e6074 e-con-full e-flex e-con e-child\" data-id=\"15e6074\" data-element_type=\"container\" data-e-type=\"container\">\n\t\t\t\t<div class=\"elementor-element elementor-element-1a68ad5 elementor-widget elementor-widget-text-editor\" data-id=\"1a68ad5\" data-element_type=\"widget\" data-e-type=\"widget\" data-widget_type=\"text-editor.default\">\n\t\t\t\t\t\t\t\t\t<blockquote><p>Both international and domestic flights arrive at P\u00e4rnu Airport. We are close to the world and connected to various big cities through air connections.<\/p><\/blockquote>\t\t\t\t\t\t\t\t<\/div>\n\t\t\t\t<\/div>\n\t\t\t\t\t<\/div>\n\t\t\t\t<\/div>\n\t\t<div class=\"elementor-element elementor-element-fb50948 content-two-col-block e-flex e-con-boxed e-con e-parent\" data-id=\"fb50948\" data-element_type=\"container\" data-e-type=\"container\">\n\t\t\t\t\t<div class=\"e-con-inner\">\n\t\t<div class=\"elementor-element elementor-element-cb22fb3 e-con-full e-flex e-con e-child\" data-id=\"cb22fb3\" data-element_type=\"container\" data-e-type=\"container\">\n\t\t\t\t<div class=\"elementor-element elementor-element-af08f40 elementor-widget elementor-widget-text-editor\" data-id=\"af08f40\" data-element_type=\"widget\" data-e-type=\"widget\" data-widget_type=\"text-editor.default\">\n\t\t\t\t\t\t\t\t\t<h2>From P\u00e4rnu to Ruhnu Island<\/h2><p>The air carrier <a href=\"https:\/\/eestilennud.ee\/#page-content\">Diamond Sky<\/a> offers air transport from P\u00e4rnu to Ruhnu Island, whose website provides more detailed information on both the flight schedule and ticket prices. The flights will be operated by a 9-seater Britten-Norman BN2 aircraft.<\/p>\t\t\t\t\t\t\t\t<\/div>\n\t\t\t\t<div class=\"elementor-element elementor-element-11ba163 elementor-widget elementor-widget-image\" data-id=\"11ba163\" data-element_type=\"widget\" data-e-type=\"widget\" data-widget_type=\"image.default\">\n\t\t\t\t\t\t\t\t\t\t\t\t\t\t\t<img fetchpriority=\"high\" decoding=\"async\" width=\"1024\" height=\"683\" src=\"https:\/\/visitparnu.com\/wp-content\/uploads\/2022\/11\/airplane-g6a052ee7b_1920-1024x683.jpg\" class=\"attachment-large size-large wp-image-4918859\" alt=\"\" srcset=\"https:\/\/visitparnu.com\/wp-content\/uploads\/2022\/11\/airplane-g6a052ee7b_1920-1024x683.jpg 1024w, https:\/\/visitparnu.com\/wp-content\/uploads\/2022\/11\/airplane-g6a052ee7b_1920-300x200.jpg 300w, https:\/\/visitparnu.com\/wp-content\/uploads\/2022\/11\/airplane-g6a052ee7b_1920-768x512.jpg 768w, https:\/\/visitparnu.com\/wp-content\/uploads\/2022\/11\/airplane-g6a052ee7b_1920-1536x1025.jpg 1536w, https:\/\/visitparnu.com\/wp-content\/uploads\/2022\/11\/airplane-g6a052ee7b_1920.jpg 1920w\" sizes=\"(max-width: 1024px) 100vw, 1024px\" \/>\t\t\t\t\t\t\t\t\t\t\t\t\t\t\t<\/div>\n\t\t\t\t<\/div>\n\t\t<div class=\"elementor-element elementor-element-30c38f1 e-con-full e-flex e-con e-child\" data-id=\"30c38f1\" data-element_type=\"container\" data-e-type=\"container\">\n\t\t\t\t<div class=\"elementor-element elementor-element-98e134e elementor-widget elementor-widget-text-editor\" data-id=\"98e134e\" data-element_type=\"widget\" data-e-type=\"widget\" data-widget_type=\"text-editor.default\">\n\t\t\t\t\t\t\t\t\t<div class=\"elementor-element elementor-element-6a270f8 elementor-widget elementor-widget-text-editor\" data-id=\"6a270f8\" data-element_type=\"widget\" data-settings=\"{&quot;ekit_we_effect_on&quot;:&quot;none&quot;}\" data-widget_type=\"text-editor.default\">\n<div class=\"elementor-widget-container\">\n<div class=\"elementor-text-editor elementor-clearfix\">\n<h2><span style=\"font-family: var( --e-global-typography-text-font-family ), Sans-serif; text-align: var(--text-align);\">How to get from P\u00e4rnu Airport to the city center?<\/span><br><\/h2><\/div><\/div><\/div><div class=\"elementor-element elementor-element-3f16759 elementor-widget elementor-widget-text-editor\" data-id=\"3f16759\" data-element_type=\"widget\" data-settings=\"{&quot;ekit_we_effect_on&quot;:&quot;none&quot;}\" data-widget_type=\"text-editor.default\"><div class=\"elementor-widget-container\"><div class=\"elementor-text-editor elementor-clearfix\">\n<p><a href=\"https:\/\/parnu.tallinn-airport.ee\/en\/\" target=\"_blank\" rel=\"noopener\">P\u00e4rnu Airport<\/a> is located only 6 km from the center of P\u00e4rnu in Tori municipality, Eametsa village. It is convenient to travel between the airport and the city center by bus or taxi. Of course, it is also possible to find transport through the Bolt application.<\/p>\n<\/div>\n<\/div>\n<\/div>\t\t\t\t\t\t\t\t<\/div>\n\t\t\t\t<div class=\"elementor-element elementor-element-d0fd2fd elementor-view-framed elementor-position-inline-start elementor-shape-circle elementor-mobile-position-block-start elementor-widget elementor-widget-icon-box\" data-id=\"d0fd2fd\" data-element_type=\"widget\" data-e-type=\"widget\" data-widget_type=\"icon-box.default\">\n\t\t\t\t\t\t\t<div class=\"elementor-icon-box-wrapper\">\n\n\t\t\t\t\t\t<div class=\"elementor-icon-box-icon\">\n\t\t\t\t<span  class=\"elementor-icon\">\n\t\t\t\t<i aria-hidden=\"true\" class=\"far fa-bus\"><\/i>\t\t\t\t<\/span>\n\t\t\t<\/div>\n\t\t\t\n\t\t\t\t\t\t<div class=\"elementor-icon-box-content\">\n\n\t\t\t\t\t\t\t\t\t<h3 class=\"elementor-icon-box-title\">\n\t\t\t\t\t\t<span  >\n\t\t\t\t\t\t\tBus\t\t\t\t\t\t<\/span>\n\t\t\t\t\t<\/h3>\n\t\t\t\t\n\t\t\t\t\t\t\t\t\t<p class=\"elementor-icon-box-description\">\n\t\t\t\t\t\tThe airport\u2019s bus stop is located in front of the terminal of arrivals. Bus No. 24 travels on the route P\u00e4rnu Airport - P\u00e4rnu Bus Station. The bus fare is 3 EUR and tickets are sold by the bus driver upon entering the bus.\n<br> <a href=\"https:\/\/web.peatus.ee\/linjat\/estonia:d485f8a25cbdbfc467523c35340bcb30\/pysakit\/estonia:d485f8a25cbdbfc467523c35340bcb30::01\">Bus nr 24 - Peatus.ee<\/a>\t\t\t\t\t<\/p>\n\t\t\t\t\n\t\t\t<\/div>\n\t\t\t\n\t\t<\/div>\n\t\t\t\t\t\t<\/div>\n\t\t\t\t<div class=\"elementor-element elementor-element-169f76b elementor-view-framed elementor-position-inline-start elementor-shape-circle elementor-mobile-position-block-start elementor-widget elementor-widget-icon-box\" data-id=\"169f76b\" data-element_type=\"widget\" data-e-type=\"widget\" data-widget_type=\"icon-box.default\">\n\t\t\t\t\t\t\t<div class=\"elementor-icon-box-wrapper\">\n\n\t\t\t\t\t\t<div class=\"elementor-icon-box-icon\">\n\t\t\t\t<span  class=\"elementor-icon\">\n\t\t\t\t<i aria-hidden=\"true\" class=\"far fa-taxi\"><\/i>\t\t\t\t<\/span>\n\t\t\t<\/div>\n\t\t\t\n\t\t\t\t\t\t<div class=\"elementor-icon-box-content\">\n\n\t\t\t\t\t\t\t\t\t<h3 class=\"elementor-icon-box-title\">\n\t\t\t\t\t\t<span  >\n\t\t\t\t\t\t\tTaxi\t\t\t\t\t\t<\/span>\n\t\t\t\t\t<\/h3>\n\t\t\t\t\n\t\t\t\t\t\t\t\t\t<p class=\"elementor-icon-box-description\">\n\t\t\t\t\t\tGetting around the airport and the city center by taxi is convenient, as you can stop right in front of the passenger terminal. The approximate price for a taxi ride is 7-10 euros.\t\t\t\t\t<\/p>\n\t\t\t\t\n\t\t\t<\/div>\n\t\t\t\n\t\t<\/div>\n\t\t\t\t\t\t<\/div>\n\t\t\t\t<div class=\"elementor-element elementor-element-28bd6a1 elementor-view-framed elementor-position-inline-start elementor-shape-circle elementor-mobile-position-block-start elementor-widget elementor-widget-icon-box\" data-id=\"28bd6a1\" data-element_type=\"widget\" data-e-type=\"widget\" data-widget_type=\"icon-box.default\">\n\t\t\t\t\t\t\t<div class=\"elementor-icon-box-wrapper\">\n\n\t\t\t\t\t\t<div class=\"elementor-icon-box-icon\">\n\t\t\t\t<span  class=\"elementor-icon\">\n\t\t\t\t<i aria-hidden=\"true\" class=\"far fa-car\"><\/i>\t\t\t\t<\/span>\n\t\t\t<\/div>\n\t\t\t\n\t\t\t\t\t\t<div class=\"elementor-icon-box-content\">\n\n\t\t\t\t\t\t\t\t\t<h3 class=\"elementor-icon-box-title\">\n\t\t\t\t\t\t<span  >\n\t\t\t\t\t\t\tBolt Taxi \/ Bolt Drive\t\t\t\t\t\t<\/span>\n\t\t\t\t\t<\/h3>\n\t\t\t\t\n\t\t\t\t\t\t\t\t\t<p class=\"elementor-icon-box-description\">\n\t\t\t\t\t\t\nBolt Taxi \/ Bolt Drive\n\nDownload the Bolt mobile app. The Bolt car-sharing service allows you to conveniently find the nearest available car. Choose a destination, book a car, head to the court and enjoy the ride.\t\t\t\t\t<\/p>\n\t\t\t\t\n\t\t\t<\/div>\n\t\t\t\n\t\t<\/div>\n\t\t\t\t\t\t<\/div>\n\t\t\t\t<\/div>\n\t\t\t\t\t<\/div>\n\t\t\t\t<\/div>\n\t\t\t\t<\/div>\n\t\t","protected":false},"excerpt":{"rendered":"<p>Both international and domestic flights arrive at P\u00e4rnu Airport. We are close to the world and connected to various big cities through air connections. From P\u00e4rnu to Ruhnu Island The air carrier Diamond Sky offers air transport from P\u00e4rnu to Ruhnu Island, whose website provides more detailed information on both the flight schedule and ticket [&hellip;]<\/p>\n","protected":false},"author":1,"featured_media":4944837,"parent":0,"menu_order":0,"comment_status":"closed","ping_status":"closed","template":"","meta":{"_acf_changed":false,"footnotes":""},"class_list":["post-4936910","page","type-page","status-publish","has-post-thumbnail","hentry"],"acf":[],"yoast_head":"<!-- This site is optimized with the Yoast SEO plugin v27.3 - https:\/\/yoast.com\/product\/yoast-seo-wordpress\/ -->\n<title>P\u00e4rnu airport - Visit P\u00e4rnu<\/title>\n<meta name=\"robots\" content=\"index, follow, max-snippet:-1, max-image-preview:large, max-video-preview:-1\" \/>\n<link rel=\"canonical\" href=\"https:\/\/visitparnu.com\/en\/parnu-airport\/\" \/>\n<meta property=\"og:locale\" content=\"en_US\" \/>\n<meta property=\"og:type\" content=\"article\" \/>\n<meta property=\"og:title\" content=\"P\u00e4rnu airport - Visit P\u00e4rnu\" \/>\n<meta property=\"og:description\" content=\"Both international and domestic flights arrive at P\u00e4rnu Airport. We are close to the world and connected to various big cities through air connections. From P\u00e4rnu to Ruhnu Island The air carrier Diamond Sky offers air transport from P\u00e4rnu to Ruhnu Island, whose website provides more detailed information on both the flight schedule and ticket [&hellip;]\" \/>\n<meta property=\"og:url\" content=\"https:\/\/visitparnu.com\/en\/parnu-airport\/\" \/>\n<meta property=\"og:site_name\" content=\"Visit P\u00e4rnu\" \/>\n<meta property=\"article:publisher\" content=\"https:\/\/www.facebook.com\/visitparnuEE\/\" \/>\n<meta property=\"article:modified_time\" content=\"2024-03-19T13:55:32+00:00\" \/>\n<meta property=\"og:image\" content=\"https:\/\/visitparnu.com\/wp-content\/uploads\/2023\/01\/Airplane-2.jpg\" \/>\n\t<meta property=\"og:image:width\" content=\"1920\" \/>\n\t<meta property=\"og:image:height\" content=\"1280\" \/>\n\t<meta property=\"og:image:type\" content=\"image\/jpeg\" \/>\n<meta name=\"twitter:card\" content=\"summary_large_image\" \/>\n<meta name=\"twitter:label1\" content=\"Est. reading time\" \/>\n\t<meta name=\"twitter:data1\" content=\"2 minutes\" \/>\n<script type=\"application\/ld+json\" class=\"yoast-schema-graph\">{\"@context\":\"https:\\\/\\\/schema.org\",\"@graph\":[{\"@type\":\"WebPage\",\"@id\":\"https:\\\/\\\/visitparnu.com\\\/en\\\/parnu-airport\\\/\",\"url\":\"https:\\\/\\\/visitparnu.com\\\/en\\\/parnu-airport\\\/\",\"name\":\"P\u00e4rnu airport - Visit P\u00e4rnu\",\"isPartOf\":{\"@id\":\"https:\\\/\\\/visitparnu.com\\\/en\\\/#website\"},\"primaryImageOfPage\":{\"@id\":\"https:\\\/\\\/visitparnu.com\\\/en\\\/parnu-airport\\\/#primaryimage\"},\"image\":{\"@id\":\"https:\\\/\\\/visitparnu.com\\\/en\\\/parnu-airport\\\/#primaryimage\"},\"thumbnailUrl\":\"https:\\\/\\\/visitparnu.com\\\/wp-content\\\/uploads\\\/2023\\\/01\\\/Airplane-2.jpg\",\"datePublished\":\"2018-12-13T04:20:19+00:00\",\"dateModified\":\"2024-03-19T13:55:32+00:00\",\"breadcrumb\":{\"@id\":\"https:\\\/\\\/visitparnu.com\\\/en\\\/parnu-airport\\\/#breadcrumb\"},\"inLanguage\":\"en-US\",\"potentialAction\":[{\"@type\":\"ReadAction\",\"target\":[\"https:\\\/\\\/visitparnu.com\\\/en\\\/parnu-airport\\\/\"]}]},{\"@type\":\"ImageObject\",\"inLanguage\":\"en-US\",\"@id\":\"https:\\\/\\\/visitparnu.com\\\/en\\\/parnu-airport\\\/#primaryimage\",\"url\":\"https:\\\/\\\/visitparnu.com\\\/wp-content\\\/uploads\\\/2023\\\/01\\\/Airplane-2.jpg\",\"contentUrl\":\"https:\\\/\\\/visitparnu.com\\\/wp-content\\\/uploads\\\/2023\\\/01\\\/Airplane-2.jpg\",\"width\":1920,\"height\":1280},{\"@type\":\"BreadcrumbList\",\"@id\":\"https:\\\/\\\/visitparnu.com\\\/en\\\/parnu-airport\\\/#breadcrumb\",\"itemListElement\":[{\"@type\":\"ListItem\",\"position\":1,\"name\":\"\",\"item\":\"https:\\\/\\\/visitparnu.com\\\/en\\\/\"},{\"@type\":\"ListItem\",\"position\":2,\"name\":\"P\u00e4rnu airport\"}]},{\"@type\":\"WebSite\",\"@id\":\"https:\\\/\\\/visitparnu.com\\\/en\\\/#website\",\"url\":\"https:\\\/\\\/visitparnu.com\\\/en\\\/\",\"name\":\"Visit P\u00e4rnu\",\"description\":\"\",\"publisher\":{\"@id\":\"https:\\\/\\\/visitparnu.com\\\/en\\\/#organization\"},\"potentialAction\":[{\"@type\":\"SearchAction\",\"target\":{\"@type\":\"EntryPoint\",\"urlTemplate\":\"https:\\\/\\\/visitparnu.com\\\/en\\\/?s={search_term_string}\"},\"query-input\":{\"@type\":\"PropertyValueSpecification\",\"valueRequired\":true,\"valueName\":\"search_term_string\"}}],\"inLanguage\":\"en-US\"},{\"@type\":\"Organization\",\"@id\":\"https:\\\/\\\/visitparnu.com\\\/en\\\/#organization\",\"name\":\"Visit P\u00e4rnu\",\"url\":\"https:\\\/\\\/visitparnu.com\\\/en\\\/\",\"logo\":{\"@type\":\"ImageObject\",\"inLanguage\":\"en-US\",\"@id\":\"https:\\\/\\\/visitparnu.com\\\/en\\\/#\\\/schema\\\/logo\\\/image\\\/\",\"url\":\"https:\\\/\\\/visitparnu.com\\\/wp-content\\\/uploads\\\/2022\\\/11\\\/VP_logo.svg\",\"contentUrl\":\"https:\\\/\\\/visitparnu.com\\\/wp-content\\\/uploads\\\/2022\\\/11\\\/VP_logo.svg\",\"width\":305,\"height\":33,\"caption\":\"Visit P\u00e4rnu\"},\"image\":{\"@id\":\"https:\\\/\\\/visitparnu.com\\\/en\\\/#\\\/schema\\\/logo\\\/image\\\/\"},\"sameAs\":[\"https:\\\/\\\/www.facebook.com\\\/visitparnuEE\\\/\",\"https:\\\/\\\/www.youtube.com\\\/user\\\/visitparnuestonia\\\/\",\"https:\\\/\\\/www.instagram.com\\\/visitparnu\\\/\"]}]}<\/script>\n<!-- \/ Yoast SEO plugin. -->","yoast_head_json":{"title":"P\u00e4rnu airport - Visit P\u00e4rnu","robots":{"index":"index","follow":"follow","max-snippet":"max-snippet:-1","max-image-preview":"max-image-preview:large","max-video-preview":"max-video-preview:-1"},"canonical":"https:\/\/visitparnu.com\/en\/parnu-airport\/","og_locale":"en_US","og_type":"article","og_title":"P\u00e4rnu airport - Visit P\u00e4rnu","og_description":"Both international and domestic flights arrive at P\u00e4rnu Airport. We are close to the world and connected to various big cities through air connections. From P\u00e4rnu to Ruhnu Island The air carrier Diamond Sky offers air transport from P\u00e4rnu to Ruhnu Island, whose website provides more detailed information on both the flight schedule and ticket [&hellip;]","og_url":"https:\/\/visitparnu.com\/en\/parnu-airport\/","og_site_name":"Visit P\u00e4rnu","article_publisher":"https:\/\/www.facebook.com\/visitparnuEE\/","article_modified_time":"2024-03-19T13:55:32+00:00","og_image":[{"width":1920,"height":1280,"url":"https:\/\/visitparnu.com\/wp-content\/uploads\/2023\/01\/Airplane-2.jpg","type":"image\/jpeg"}],"twitter_card":"summary_large_image","twitter_misc":{"Est. reading time":"2 minutes"},"schema":{"@context":"https:\/\/schema.org","@graph":[{"@type":"WebPage","@id":"https:\/\/visitparnu.com\/en\/parnu-airport\/","url":"https:\/\/visitparnu.com\/en\/parnu-airport\/","name":"P\u00e4rnu airport - Visit P\u00e4rnu","isPartOf":{"@id":"https:\/\/visitparnu.com\/en\/#website"},"primaryImageOfPage":{"@id":"https:\/\/visitparnu.com\/en\/parnu-airport\/#primaryimage"},"image":{"@id":"https:\/\/visitparnu.com\/en\/parnu-airport\/#primaryimage"},"thumbnailUrl":"https:\/\/visitparnu.com\/wp-content\/uploads\/2023\/01\/Airplane-2.jpg","datePublished":"2018-12-13T04:20:19+00:00","dateModified":"2024-03-19T13:55:32+00:00","breadcrumb":{"@id":"https:\/\/visitparnu.com\/en\/parnu-airport\/#breadcrumb"},"inLanguage":"en-US","potentialAction":[{"@type":"ReadAction","target":["https:\/\/visitparnu.com\/en\/parnu-airport\/"]}]},{"@type":"ImageObject","inLanguage":"en-US","@id":"https:\/\/visitparnu.com\/en\/parnu-airport\/#primaryimage","url":"https:\/\/visitparnu.com\/wp-content\/uploads\/2023\/01\/Airplane-2.jpg","contentUrl":"https:\/\/visitparnu.com\/wp-content\/uploads\/2023\/01\/Airplane-2.jpg","width":1920,"height":1280},{"@type":"BreadcrumbList","@id":"https:\/\/visitparnu.com\/en\/parnu-airport\/#breadcrumb","itemListElement":[{"@type":"ListItem","position":1,"name":"","item":"https:\/\/visitparnu.com\/en\/"},{"@type":"ListItem","position":2,"name":"P\u00e4rnu airport"}]},{"@type":"WebSite","@id":"https:\/\/visitparnu.com\/en\/#website","url":"https:\/\/visitparnu.com\/en\/","name":"Visit P\u00e4rnu","description":"","publisher":{"@id":"https:\/\/visitparnu.com\/en\/#organization"},"potentialAction":[{"@type":"SearchAction","target":{"@type":"EntryPoint","urlTemplate":"https:\/\/visitparnu.com\/en\/?s={search_term_string}"},"query-input":{"@type":"PropertyValueSpecification","valueRequired":true,"valueName":"search_term_string"}}],"inLanguage":"en-US"},{"@type":"Organization","@id":"https:\/\/visitparnu.com\/en\/#organization","name":"Visit P\u00e4rnu","url":"https:\/\/visitparnu.com\/en\/","logo":{"@type":"ImageObject","inLanguage":"en-US","@id":"https:\/\/visitparnu.com\/en\/#\/schema\/logo\/image\/","url":"https:\/\/visitparnu.com\/wp-content\/uploads\/2022\/11\/VP_logo.svg","contentUrl":"https:\/\/visitparnu.com\/wp-content\/uploads\/2022\/11\/VP_logo.svg","width":305,"height":33,"caption":"Visit P\u00e4rnu"},"image":{"@id":"https:\/\/visitparnu.com\/en\/#\/schema\/logo\/image\/"},"sameAs":["https:\/\/www.facebook.com\/visitparnuEE\/","https:\/\/www.youtube.com\/user\/visitparnuestonia\/","https:\/\/www.instagram.com\/visitparnu\/"]}]}},"_links":{"self":[{"href":"https:\/\/visitparnu.com\/en\/wp-json\/wp\/v2\/pages\/4936910","targetHints":{"allow":["GET"]}}],"collection":[{"href":"https:\/\/visitparnu.com\/en\/wp-json\/wp\/v2\/pages"}],"about":[{"href":"https:\/\/visitparnu.com\/en\/wp-json\/wp\/v2\/types\/page"}],"author":[{"embeddable":true,"href":"https:\/\/visitparnu.com\/en\/wp-json\/wp\/v2\/users\/1"}],"replies":[{"embeddable":true,"href":"https:\/\/visitparnu.com\/en\/wp-json\/wp\/v2\/comments?post=4936910"}],"version-history":[{"count":40,"href":"https:\/\/visitparnu.com\/en\/wp-json\/wp\/v2\/pages\/4936910\/revisions"}],"predecessor-version":[{"id":4995728,"href":"https:\/\/visitparnu.com\/en\/wp-json\/wp\/v2\/pages\/4936910\/revisions\/4995728"}],"wp:featuredmedia":[{"embeddable":true,"href":"https:\/\/visitparnu.com\/en\/wp-json\/wp\/v2\/media\/4944837"}],"wp:attachment":[{"href":"https:\/\/visitparnu.com\/en\/wp-json\/wp\/v2\/media?parent=4936910"}],"curies":[{"name":"wp","href":"https:\/\/api.w.org\/{rel}","templated":true}]}}