{"id":4936901,"date":"2018-10-16T13:14:52","date_gmt":"2018-10-16T11:14:52","guid":{"rendered":"https:\/\/visitparnu.com\/transportation\/"},"modified":"2025-07-16T13:14:14","modified_gmt":"2025-07-16T11:14:14","slug":"transportation","status":"publish","type":"page","link":"https:\/\/visitparnu.com\/en\/transportation\/","title":{"rendered":"Transportation"},"content":{"rendered":"\t\t<div data-elementor-type=\"wp-post\" data-elementor-id=\"4936901\" class=\"elementor elementor-4936901 elementor-4936663\" data-elementor-post-type=\"page\">\n\t\t\t\t<div class=\"elementor-element elementor-element-11fdd92 content-one-col-block e-flex e-con-boxed e-con e-parent\" data-id=\"11fdd92\" data-element_type=\"container\" data-e-type=\"container\">\n\t\t\t\t\t<div class=\"e-con-inner\">\n\t\t\t\t<div class=\"elementor-element elementor-element-dde3b5d elementor-widget elementor-widget-text-editor\" data-id=\"dde3b5d\" data-element_type=\"widget\" data-e-type=\"widget\" data-widget_type=\"text-editor.default\">\n\t\t\t\t\t\t\t\t\t<p><strong>The easiest way to reach P\u00e4rnu is by taking an international flight to either <a href=\"https:\/\/airport.ee\/en\/tallinn-airport\/\">Tallinn<\/a>, the capital of Estonia, or <a href=\"https:\/\/www.riga-airport.com\/en#arrival\">Riga<\/a>, the capital of Latvia. P\u00e4rnu is just a couple of hours\u2019 drive from both cities\u2019 airports, connected by the fast Via Baltica (E67) highway. <a href=\"https:\/\/www.ts.ee\/en\/\">Estonia\u2019s largest port<\/a> is located in Tallinn, with ferries arriving from Helsinki almost every hour. In P\u00e4rnu, the Yacht Club welcomes visitors arriving by sailboat.<\/strong><\/p>\t\t\t\t\t\t\t\t<\/div>\n\t\t\t\t\t<\/div>\n\t\t\t\t<\/div>\n\t\t<div class=\"elementor-element elementor-element-89c308c content-two-col-block e-flex e-con-boxed e-con e-parent\" data-id=\"89c308c\" data-element_type=\"container\" data-e-type=\"container\">\n\t\t\t\t\t<div class=\"e-con-inner\">\n\t\t\t\t<div class=\"elementor-element elementor-element-0e966bf elementor-widget__width-initial elementor-widget elementor-widget-text-editor\" data-id=\"0e966bf\" data-element_type=\"widget\" data-e-type=\"widget\" data-widget_type=\"text-editor.default\">\n\t\t\t\t\t\t\t\t\t<h2><b>Take a bus to P\u00e4rnu<\/b><\/h2><p><span style=\"font-weight: 400;\">Frequent buses run between Tallinn and P\u00e4rnu, and between Riga and P\u00e4rnu, so you can travel comfortably whenever you want. Information on bus trips within Estonia, as well as tickets, are available on the <\/span><a href=\"https:\/\/www.tpilet.ee\/en\/\"><span style=\"font-weight: 400;\">T-pilet<\/span><\/a><span style=\"font-weight: 400;\"> platform. Many buses offer full comfort features, including a toilet, multimedia entertainment system, and air conditioning.<\/span><\/p><p><b>From Tallinn D-Terminal to P\u00e4rnu Bus Station<\/b><\/p><p><b><\/b><span style=\"font-weight: 400;\">Travellers arriving at the Port of Tallinn can now reach P\u00e4rnu even faster and more comfortably!<\/span><\/p><p><b>Lux Express <\/b><span style=\"font-weight: 400;\">buses stop right in front of <\/span><b>Tallinn D-Terminal<\/b><span style=\"font-weight: 400;\">, so you can quickly and conveniently start your trip toward P\u00e4rnu.<\/span><\/p><p><b>P\u00e4rnu Bus Station is located in the city centre<\/b><span style=\"font-weight: 400;\">, so you\u2019ll arrive right in the heart of the action \u2013 whether you\u2019re planning a spa getaway, heading to a concert, or enjoying the summer beach life.<\/span><\/p><p><b>Buses departing from D-Terminal toward P\u00e4rnu:<\/b><\/p><ul><li aria-level=\"1\"><b>1:30\u20133.50 PM<\/b><\/li><li aria-level=\"1\"><b>7:00\u20139.20 PM<\/b><\/li><\/ul><p><b>Buses departing from P\u00e4rnu toward D-Terminal:<\/b><\/p><ul><li aria-level=\"1\"><b>10:40 AM\u201312.50 P<\/b><\/li><li aria-level=\"1\"><b>4:15\u20136:30 PM<\/b><\/li><\/ul><p><span style=\"font-weight: 400;\">(<\/span><i><span style=\"font-weight: 400;\">The departure times are subject to change \u2013 check the exact schedule on the <\/span><\/i><a href=\"https:\/\/luxexpress.eu\/en\/\"><i><span style=\"font-weight: 400;\">Lux Express<\/span><\/i><\/a><i><span style=\"font-weight: 400;\"> website or on <\/span><\/i><a href=\"https:\/\/www.tpilet.ee\/en\/\"><i><span style=\"font-weight: 400;\">T-pilet<\/span><\/i><\/a><i><span style=\"font-weight: 400;\">.<\/span><\/i><span style=\"font-weight: 400;\">)<\/span><\/p><p><b>On-board amenities on Lux Express buses:<\/b><\/p><ul><li style=\"font-weight: 400;\" aria-level=\"1\"><span style=\"font-weight: 400;\">free Wi-Fi<\/span><\/li><li style=\"font-weight: 400;\" aria-level=\"1\"><span style=\"font-weight: 400;\">personal multimedia centre<\/span><\/li><li style=\"font-weight: 400;\" aria-level=\"1\"><span style=\"font-weight: 400;\">air conditioning and toilet<\/span><\/li><li style=\"font-weight: 400;\" aria-level=\"1\"><span style=\"font-weight: 400;\">lots of legroom and comfortable seats<\/span><\/li><li style=\"font-weight: 400;\" aria-level=\"1\"><span style=\"font-weight: 400;\">free hot drinks; snacks available for purchase<\/span><\/li><\/ul><p><b>Travelling from Tallinn D-Terminal to P\u00e4rnu takes just around 2 hours<\/b><span style=\"font-weight: 400;\"> and offers a comfortable, hassle-free experience.<\/span><\/p><p><span style=\"font-weight: 400;\">You can conveniently buy your tickets on the <\/span><a href=\"https:\/\/luxexpress.eu\/en\/\"><b>Lux Express website<\/b><\/a><span style=\"font-weight: 400;\"> or on <\/span><a href=\"https:\/\/www.tpilet.ee\/en\/\"><b>T-pilet.ee<\/b><\/a><b>. <\/b><\/p><p><span style=\"font-weight: 400;\">The following bus lines operate on the international Riga\u2013P\u00e4rnu\u2013Tallinn route:<\/span><\/p><ul><li style=\"font-weight: 400;\" aria-level=\"1\"><a href=\"https:\/\/ecolines.net\/en-EE\"><span style=\"font-weight: 400;\">Ecolines<\/span><\/a><\/li><li style=\"font-weight: 400;\" aria-level=\"1\"><a href=\"https:\/\/www.luxexpress.eu\/\"><span style=\"font-weight: 400;\">Lux Express<\/span><\/a><\/li><li style=\"font-weight: 400;\" aria-level=\"1\"><a href=\"https:\/\/www.flixbus.com\/?_sp=7d861f83-24e9-4260-b774-51e32426b717.1752664260375&amp;atb_pdid=988039a1-f3a6-4aa1-bb19-b4f426e519ca&amp;noRedirect=true&amp;_spnuid=4ef5e602-6900-4ffb-abf3-f1c49ed5173d_1752664260248\"><span style=\"font-weight: 400;\">Flixbus<\/span><\/a><\/li><\/ul>\t\t\t\t\t\t\t\t<\/div>\n\t\t\t\t\t<\/div>\n\t\t\t\t<\/div>\n\t\t<div class=\"elementor-element elementor-element-6c1c15f content-two-col-block e-flex e-con-boxed e-con e-parent\" data-id=\"6c1c15f\" data-element_type=\"container\" data-e-type=\"container\">\n\t\t\t\t\t<div class=\"e-con-inner\">\n\t\t\t\t<div class=\"elementor-element elementor-element-aa74822 elementor-widget elementor-widget-text-editor\" data-id=\"aa74822\" data-element_type=\"widget\" data-e-type=\"widget\" data-widget_type=\"text-editor.default\">\n\t\t\t\t\t\t\t\t\t<div class=\"elementor-element elementor-element-3590c60 elementor-widget elementor-widget-text-editor\" data-id=\"3590c60\" data-element_type=\"widget\" data-widget_type=\"text-editor.default\"><div class=\"elementor-widget-container\"><div class=\"elementor-text-editor elementor-clearfix\"><div class=\"elementor-element elementor-element-e4fc0b8 elementor-widget elementor-widget-text-editor\" data-id=\"e4fc0b8\" data-element_type=\"widget\" data-settings=\"{&quot;ekit_we_effect_on&quot;:&quot;none&quot;}\" data-widget_type=\"text-editor.default\"><div class=\"elementor-widget-container\"><div class=\"elementor-text-editor elementor-clearfix\"><h2>P\u00e4rnu public transport<\/h2><p>You can find <a href=\"https:\/\/web.peatus.ee\/?locale=en\">P\u00e4rnu public transport lines and times<\/a>. Each bus stop has a city map and timetable, and busier stops also have electronic signs.<\/p><p>A plastic card system applies in P\u00e4rnu County public transport. The same system is used in Tallinn and Tartu, for example. If there is a similar card, it also works in P\u00e4rnu. The new plastic card costs 2 \u20ac and can be purchased at any ticket office. It is necessary to validate the card when entering the bus.<\/p><p>A <b>one-hour<\/b> ticket costs \u20ac1,5 for a city visitor, a <b>day ticket<\/b> \u20ac6 and a <b>five-day ticket<\/b> \u20ac 15. A day ticket is valid if the card is validated 4 times. For example, if you travel 4 times a day and validate your card, it will automatically become a day ticket.<\/p><p>One-hour tickets can be purchased directly from the bus driver. You do not need a card for this. The price of a paper ticket on city lines is \u20ac3 (on county lines \u20ac2) and can be paid in cash.<\/p><p>More information about the ticketing system can be found <a href=\"https:\/\/pytk.ee\/piletihinnad-ja-soodustused.html\" target=\"_blank\" rel=\"noopener\">HERE<\/a>. More information about <b>P\u00e4rnu Bus Station<\/b> and its services can be found <a href=\"https:\/\/visitparnu.com\/en\/parnu-bus-station\/\">HERE<\/a>.<\/p><\/div><\/div><\/div><div class=\"elementor-element elementor-element-123f76b elementor-widget elementor-widget-text-editor\" data-id=\"123f76b\" data-element_type=\"widget\" data-settings=\"{&quot;ekit_we_effect_on&quot;:&quot;none&quot;}\" data-widget_type=\"text-editor.default\"><div class=\"elementor-widget-container\"><div class=\"elementor-text-editor elementor-clearfix\"><h2>Taxis and ferry connections to the islands<\/h2><p>Ordering taxis in P\u00e4rnu:<\/p><p>1222 \u2013 P\u00e4rnu Taxi<br \/>1918 \u2013 Electric Taxi<br \/>1200 \u2013 Go Taxi<br \/>1700 \u2013 Bristol Taxi<br \/>1300 \u2013 E-Taxi<br \/>In addition, <a href=\"https:\/\/bolt.eu\/en-gb\/\">Bolt<\/a> application works in P\u00e4rnu.<\/p><p>Ship connection to Kihnu <a href=\"https:\/\/www.veeteed.com\/#\/en\/\">www.veeteed.com<\/a> (from Munalaiu).<\/p><p>Ship connection with Saaremaa and Hiiumaa islands <a href=\"https:\/\/www.praamid.ee\/en\/homepage\/\">www.praamid.ee<\/a>.<\/p><div class=\"elementor-element elementor-element-f6cce93 elementor-widget elementor-widget-text-editor\" data-id=\"f6cce93\" data-element_type=\"widget\" data-settings=\"{&quot;ekit_we_effect_on&quot;:&quot;none&quot;}\" data-widget_type=\"text-editor.default\"><div class=\"elementor-widget-container\"><div class=\"elementor-text-editor elementor-clearfix\"><h2>Rental Cars in P\u00e4rnu<\/h2><p>The car gives you a convenient opportunity to discover places outside the city of P\u00e4rnu. Explore the <a href=\"https:\/\/visitparnu.com\/en\/top-20-parnumaa\/\">sights in P\u00e4rnu County<\/a>.<\/p><p><strong>Car rentals in P\u00e4rnu:<\/strong><\/p><p><a href=\"https:\/\/rendiautorent.ee\/en\/car-rent-in-tallinn-tartu-parnu-and-kuressaare\/\">Rental car rental<\/a><\/p><p><a href=\"https:\/\/laverterent.ee\/en\/\">Laverte Car Rental<\/a><\/p><\/div><\/div><\/div><div class=\"elementor-element elementor-element-6692b09 elementor-widget elementor-widget-text-editor\" data-id=\"6692b09\" data-element_type=\"widget\" data-settings=\"{&quot;ekit_we_effect_on&quot;:&quot;none&quot;}\" data-widget_type=\"text-editor.default\"><div class=\"elementor-widget-container\"><div class=\"elementor-text-editor elementor-clearfix\"><h2>Parking<\/h2><p>In the city center and in summer in the beach area there is paid parking. When using a parking clock you can park up to 1 hour for free in the city center and 30 minutes in the beach area.<\/p><p>Read more about parking <a href=\"https:\/\/visitparnu.com\/en\/parking-in-parnu\/\">HERE<\/a>.<\/p><\/div><\/div><\/div><\/div><\/div><\/div><\/div><\/div><\/div>\t\t\t\t\t\t\t\t<\/div>\n\t\t\t\t\t<\/div>\n\t\t\t\t<\/div>\n\t\t<div class=\"elementor-element elementor-element-9668b71 content-two-col-block e-flex e-con-boxed e-con e-parent\" data-id=\"9668b71\" data-element_type=\"container\" data-e-type=\"container\">\n\t\t\t\t\t<div class=\"e-con-inner\">\n\t\t<div class=\"elementor-element elementor-element-bbded7d e-con-full e-flex e-con e-child\" data-id=\"bbded7d\" data-element_type=\"container\" data-e-type=\"container\">\n\t\t\t\t<div class=\"elementor-element elementor-element-6ef77ad elementor-widget elementor-widget-image\" data-id=\"6ef77ad\" data-element_type=\"widget\" data-e-type=\"widget\" data-widget_type=\"image.default\">\n\t\t\t\t\t\t\t\t\t\t\t\t\t\t\t<img fetchpriority=\"high\" decoding=\"async\" width=\"1024\" height=\"683\" src=\"https:\/\/visitparnu.com\/wp-content\/uploads\/2023\/01\/airplane-g6a052ee7b_1920-1024x683.jpg\" class=\"attachment-large size-large wp-image-4941712\" alt=\"\" srcset=\"https:\/\/visitparnu.com\/wp-content\/uploads\/2023\/01\/airplane-g6a052ee7b_1920-1024x683.jpg 1024w, https:\/\/visitparnu.com\/wp-content\/uploads\/2023\/01\/airplane-g6a052ee7b_1920-300x200.jpg 300w, https:\/\/visitparnu.com\/wp-content\/uploads\/2023\/01\/airplane-g6a052ee7b_1920-768x512.jpg 768w, https:\/\/visitparnu.com\/wp-content\/uploads\/2023\/01\/airplane-g6a052ee7b_1920-1536x1025.jpg 1536w, https:\/\/visitparnu.com\/wp-content\/uploads\/2023\/01\/airplane-g6a052ee7b_1920.jpg 1920w\" sizes=\"(max-width: 1024px) 100vw, 1024px\" \/>\t\t\t\t\t\t\t\t\t\t\t\t\t\t\t<\/div>\n\t\t\t\t<\/div>\n\t\t<div class=\"elementor-element elementor-element-db1a8b6 e-con-full e-flex e-con e-child\" data-id=\"db1a8b6\" data-element_type=\"container\" data-e-type=\"container\">\n\t\t\t\t<div class=\"elementor-element elementor-element-dfa573b elementor-widget elementor-widget-heading\" data-id=\"dfa573b\" data-element_type=\"widget\" data-e-type=\"widget\" data-widget_type=\"heading.default\">\n\t\t\t\t\t<h2 class=\"elementor-heading-title elementor-size-default\">P\u00e4rnu Airport<\/h2>\t\t\t\t<\/div>\n\t\t\t\t<div class=\"elementor-element elementor-element-b6d2efb elementor-widget elementor-widget-text-editor\" data-id=\"b6d2efb\" data-element_type=\"widget\" data-e-type=\"widget\" data-widget_type=\"text-editor.default\">\n\t\t\t\t\t\t\t\t\t<p>Both international and domestic flights arrive at <a href=\"https:\/\/visitparnu.com\/en\/parnu-airport\/\">P\u00e4rnu Airport<\/a>. We are close to the world and connected to various big cities through air connections.<\/p>\t\t\t\t\t\t\t\t<\/div>\n\t\t\t\t<\/div>\n\t\t\t\t\t<\/div>\n\t\t\t\t<\/div>\n\t\t\t\t<\/div>\n\t\t","protected":false},"excerpt":{"rendered":"<p>The easiest way to reach P\u00e4rnu is by taking an international flight to either Tallinn, the capital of Estonia, or Riga, the capital of Latvia. P\u00e4rnu is just a couple of hours\u2019 drive from both cities\u2019 airports, connected by the fast Via Baltica (E67) highway. Estonia\u2019s largest port is located in Tallinn, with ferries arriving [&hellip;]<\/p>\n","protected":false},"author":1,"featured_media":4941713,"parent":0,"menu_order":0,"comment_status":"closed","ping_status":"closed","template":"","meta":{"_acf_changed":false,"footnotes":""},"class_list":["post-4936901","page","type-page","status-publish","has-post-thumbnail","hentry"],"acf":[],"yoast_head":"<!-- This site is optimized with the Yoast SEO plugin v27.3 - https:\/\/yoast.com\/product\/yoast-seo-wordpress\/ -->\n<title>Transportation - Visit P\u00e4rnu<\/title>\n<meta name=\"robots\" content=\"index, follow, max-snippet:-1, max-image-preview:large, max-video-preview:-1\" \/>\n<link rel=\"canonical\" href=\"https:\/\/visitparnu.com\/en\/transportation\/\" \/>\n<meta property=\"og:locale\" content=\"en_US\" \/>\n<meta property=\"og:type\" content=\"article\" \/>\n<meta property=\"og:title\" content=\"Transportation - Visit P\u00e4rnu\" \/>\n<meta property=\"og:description\" content=\"The easiest way to reach P\u00e4rnu is by taking an international flight to either Tallinn, the capital of Estonia, or Riga, the capital of Latvia. P\u00e4rnu is just a couple of hours\u2019 drive from both cities\u2019 airports, connected by the fast Via Baltica (E67) highway. Estonia\u2019s largest port is located in Tallinn, with ferries arriving [&hellip;]\" \/>\n<meta property=\"og:url\" content=\"https:\/\/visitparnu.com\/en\/transportation\/\" \/>\n<meta property=\"og:site_name\" content=\"Visit P\u00e4rnu\" \/>\n<meta property=\"article:publisher\" content=\"https:\/\/www.facebook.com\/visitparnuEE\/\" \/>\n<meta property=\"article:modified_time\" content=\"2025-07-16T11:14:14+00:00\" \/>\n<meta property=\"og:image\" content=\"https:\/\/visitparnu.com\/wp-content\/uploads\/2023\/01\/Parnu-transport.jpg\" \/>\n\t<meta property=\"og:image:width\" content=\"1732\" \/>\n\t<meta property=\"og:image:height\" content=\"1154\" \/>\n\t<meta property=\"og:image:type\" content=\"image\/jpeg\" \/>\n<meta name=\"twitter:card\" content=\"summary_large_image\" \/>\n<meta name=\"twitter:label1\" content=\"Est. reading time\" \/>\n\t<meta name=\"twitter:data1\" content=\"4 minutes\" \/>\n<script type=\"application\/ld+json\" class=\"yoast-schema-graph\">{\"@context\":\"https:\\\/\\\/schema.org\",\"@graph\":[{\"@type\":\"WebPage\",\"@id\":\"https:\\\/\\\/visitparnu.com\\\/en\\\/transportation\\\/\",\"url\":\"https:\\\/\\\/visitparnu.com\\\/en\\\/transportation\\\/\",\"name\":\"Transportation - Visit P\u00e4rnu\",\"isPartOf\":{\"@id\":\"https:\\\/\\\/visitparnu.com\\\/en\\\/#website\"},\"primaryImageOfPage\":{\"@id\":\"https:\\\/\\\/visitparnu.com\\\/en\\\/transportation\\\/#primaryimage\"},\"image\":{\"@id\":\"https:\\\/\\\/visitparnu.com\\\/en\\\/transportation\\\/#primaryimage\"},\"thumbnailUrl\":\"https:\\\/\\\/visitparnu.com\\\/wp-content\\\/uploads\\\/2023\\\/01\\\/Parnu-transport.jpg\",\"datePublished\":\"2018-10-16T11:14:52+00:00\",\"dateModified\":\"2025-07-16T11:14:14+00:00\",\"breadcrumb\":{\"@id\":\"https:\\\/\\\/visitparnu.com\\\/en\\\/transportation\\\/#breadcrumb\"},\"inLanguage\":\"en-US\",\"potentialAction\":[{\"@type\":\"ReadAction\",\"target\":[\"https:\\\/\\\/visitparnu.com\\\/en\\\/transportation\\\/\"]}]},{\"@type\":\"ImageObject\",\"inLanguage\":\"en-US\",\"@id\":\"https:\\\/\\\/visitparnu.com\\\/en\\\/transportation\\\/#primaryimage\",\"url\":\"https:\\\/\\\/visitparnu.com\\\/wp-content\\\/uploads\\\/2023\\\/01\\\/Parnu-transport.jpg\",\"contentUrl\":\"https:\\\/\\\/visitparnu.com\\\/wp-content\\\/uploads\\\/2023\\\/01\\\/Parnu-transport.jpg\",\"width\":1732,\"height\":1154},{\"@type\":\"BreadcrumbList\",\"@id\":\"https:\\\/\\\/visitparnu.com\\\/en\\\/transportation\\\/#breadcrumb\",\"itemListElement\":[{\"@type\":\"ListItem\",\"position\":1,\"name\":\"\",\"item\":\"https:\\\/\\\/visitparnu.com\\\/en\\\/\"},{\"@type\":\"ListItem\",\"position\":2,\"name\":\"Transportation\"}]},{\"@type\":\"WebSite\",\"@id\":\"https:\\\/\\\/visitparnu.com\\\/en\\\/#website\",\"url\":\"https:\\\/\\\/visitparnu.com\\\/en\\\/\",\"name\":\"Visit P\u00e4rnu\",\"description\":\"\",\"publisher\":{\"@id\":\"https:\\\/\\\/visitparnu.com\\\/en\\\/#organization\"},\"potentialAction\":[{\"@type\":\"SearchAction\",\"target\":{\"@type\":\"EntryPoint\",\"urlTemplate\":\"https:\\\/\\\/visitparnu.com\\\/en\\\/?s={search_term_string}\"},\"query-input\":{\"@type\":\"PropertyValueSpecification\",\"valueRequired\":true,\"valueName\":\"search_term_string\"}}],\"inLanguage\":\"en-US\"},{\"@type\":\"Organization\",\"@id\":\"https:\\\/\\\/visitparnu.com\\\/en\\\/#organization\",\"name\":\"Visit P\u00e4rnu\",\"url\":\"https:\\\/\\\/visitparnu.com\\\/en\\\/\",\"logo\":{\"@type\":\"ImageObject\",\"inLanguage\":\"en-US\",\"@id\":\"https:\\\/\\\/visitparnu.com\\\/en\\\/#\\\/schema\\\/logo\\\/image\\\/\",\"url\":\"https:\\\/\\\/visitparnu.com\\\/wp-content\\\/uploads\\\/2022\\\/11\\\/VP_logo.svg\",\"contentUrl\":\"https:\\\/\\\/visitparnu.com\\\/wp-content\\\/uploads\\\/2022\\\/11\\\/VP_logo.svg\",\"width\":305,\"height\":33,\"caption\":\"Visit P\u00e4rnu\"},\"image\":{\"@id\":\"https:\\\/\\\/visitparnu.com\\\/en\\\/#\\\/schema\\\/logo\\\/image\\\/\"},\"sameAs\":[\"https:\\\/\\\/www.facebook.com\\\/visitparnuEE\\\/\",\"https:\\\/\\\/www.youtube.com\\\/user\\\/visitparnuestonia\\\/\",\"https:\\\/\\\/www.instagram.com\\\/visitparnu\\\/\"]}]}<\/script>\n<!-- \/ Yoast SEO plugin. -->","yoast_head_json":{"title":"Transportation - Visit P\u00e4rnu","robots":{"index":"index","follow":"follow","max-snippet":"max-snippet:-1","max-image-preview":"max-image-preview:large","max-video-preview":"max-video-preview:-1"},"canonical":"https:\/\/visitparnu.com\/en\/transportation\/","og_locale":"en_US","og_type":"article","og_title":"Transportation - Visit P\u00e4rnu","og_description":"The easiest way to reach P\u00e4rnu is by taking an international flight to either Tallinn, the capital of Estonia, or Riga, the capital of Latvia. P\u00e4rnu is just a couple of hours\u2019 drive from both cities\u2019 airports, connected by the fast Via Baltica (E67) highway. Estonia\u2019s largest port is located in Tallinn, with ferries arriving [&hellip;]","og_url":"https:\/\/visitparnu.com\/en\/transportation\/","og_site_name":"Visit P\u00e4rnu","article_publisher":"https:\/\/www.facebook.com\/visitparnuEE\/","article_modified_time":"2025-07-16T11:14:14+00:00","og_image":[{"width":1732,"height":1154,"url":"https:\/\/visitparnu.com\/wp-content\/uploads\/2023\/01\/Parnu-transport.jpg","type":"image\/jpeg"}],"twitter_card":"summary_large_image","twitter_misc":{"Est. reading time":"4 minutes"},"schema":{"@context":"https:\/\/schema.org","@graph":[{"@type":"WebPage","@id":"https:\/\/visitparnu.com\/en\/transportation\/","url":"https:\/\/visitparnu.com\/en\/transportation\/","name":"Transportation - Visit P\u00e4rnu","isPartOf":{"@id":"https:\/\/visitparnu.com\/en\/#website"},"primaryImageOfPage":{"@id":"https:\/\/visitparnu.com\/en\/transportation\/#primaryimage"},"image":{"@id":"https:\/\/visitparnu.com\/en\/transportation\/#primaryimage"},"thumbnailUrl":"https:\/\/visitparnu.com\/wp-content\/uploads\/2023\/01\/Parnu-transport.jpg","datePublished":"2018-10-16T11:14:52+00:00","dateModified":"2025-07-16T11:14:14+00:00","breadcrumb":{"@id":"https:\/\/visitparnu.com\/en\/transportation\/#breadcrumb"},"inLanguage":"en-US","potentialAction":[{"@type":"ReadAction","target":["https:\/\/visitparnu.com\/en\/transportation\/"]}]},{"@type":"ImageObject","inLanguage":"en-US","@id":"https:\/\/visitparnu.com\/en\/transportation\/#primaryimage","url":"https:\/\/visitparnu.com\/wp-content\/uploads\/2023\/01\/Parnu-transport.jpg","contentUrl":"https:\/\/visitparnu.com\/wp-content\/uploads\/2023\/01\/Parnu-transport.jpg","width":1732,"height":1154},{"@type":"BreadcrumbList","@id":"https:\/\/visitparnu.com\/en\/transportation\/#breadcrumb","itemListElement":[{"@type":"ListItem","position":1,"name":"","item":"https:\/\/visitparnu.com\/en\/"},{"@type":"ListItem","position":2,"name":"Transportation"}]},{"@type":"WebSite","@id":"https:\/\/visitparnu.com\/en\/#website","url":"https:\/\/visitparnu.com\/en\/","name":"Visit P\u00e4rnu","description":"","publisher":{"@id":"https:\/\/visitparnu.com\/en\/#organization"},"potentialAction":[{"@type":"SearchAction","target":{"@type":"EntryPoint","urlTemplate":"https:\/\/visitparnu.com\/en\/?s={search_term_string}"},"query-input":{"@type":"PropertyValueSpecification","valueRequired":true,"valueName":"search_term_string"}}],"inLanguage":"en-US"},{"@type":"Organization","@id":"https:\/\/visitparnu.com\/en\/#organization","name":"Visit P\u00e4rnu","url":"https:\/\/visitparnu.com\/en\/","logo":{"@type":"ImageObject","inLanguage":"en-US","@id":"https:\/\/visitparnu.com\/en\/#\/schema\/logo\/image\/","url":"https:\/\/visitparnu.com\/wp-content\/uploads\/2022\/11\/VP_logo.svg","contentUrl":"https:\/\/visitparnu.com\/wp-content\/uploads\/2022\/11\/VP_logo.svg","width":305,"height":33,"caption":"Visit P\u00e4rnu"},"image":{"@id":"https:\/\/visitparnu.com\/en\/#\/schema\/logo\/image\/"},"sameAs":["https:\/\/www.facebook.com\/visitparnuEE\/","https:\/\/www.youtube.com\/user\/visitparnuestonia\/","https:\/\/www.instagram.com\/visitparnu\/"]}]}},"_links":{"self":[{"href":"https:\/\/visitparnu.com\/en\/wp-json\/wp\/v2\/pages\/4936901","targetHints":{"allow":["GET"]}}],"collection":[{"href":"https:\/\/visitparnu.com\/en\/wp-json\/wp\/v2\/pages"}],"about":[{"href":"https:\/\/visitparnu.com\/en\/wp-json\/wp\/v2\/types\/page"}],"author":[{"embeddable":true,"href":"https:\/\/visitparnu.com\/en\/wp-json\/wp\/v2\/users\/1"}],"replies":[{"embeddable":true,"href":"https:\/\/visitparnu.com\/en\/wp-json\/wp\/v2\/comments?post=4936901"}],"version-history":[{"count":42,"href":"https:\/\/visitparnu.com\/en\/wp-json\/wp\/v2\/pages\/4936901\/revisions"}],"predecessor-version":[{"id":5057223,"href":"https:\/\/visitparnu.com\/en\/wp-json\/wp\/v2\/pages\/4936901\/revisions\/5057223"}],"wp:featuredmedia":[{"embeddable":true,"href":"https:\/\/visitparnu.com\/en\/wp-json\/wp\/v2\/media\/4941713"}],"wp:attachment":[{"href":"https:\/\/visitparnu.com\/en\/wp-json\/wp\/v2\/media?parent=4936901"}],"curies":[{"name":"wp","href":"https:\/\/api.w.org\/{rel}","templated":true}]}}