{"id":4936889,"date":"2018-09-24T13:12:53","date_gmt":"2018-09-24T11:12:53","guid":{"rendered":"https:\/\/visitparnu.com\/discover-parnu-by-bike\/"},"modified":"2023-01-27T15:51:21","modified_gmt":"2023-01-27T13:51:21","slug":"discover-parnu-by-bike","status":"publish","type":"page","link":"https:\/\/visitparnu.com\/en\/discover-parnu-by-bike\/","title":{"rendered":"Discover P\u00e4rnu by bike"},"content":{"rendered":"\t\t<div data-elementor-type=\"wp-post\" data-elementor-id=\"4936889\" class=\"elementor elementor-4936889 elementor-4936648\" data-elementor-post-type=\"page\">\n\t\t\t\t<div class=\"elementor-element elementor-element-1366055c content-two-col-block e-flex e-con-boxed e-con e-parent\" data-id=\"1366055c\" data-element_type=\"container\" data-e-type=\"container\">\n\t\t\t\t\t<div class=\"e-con-inner\">\n\t\t<div class=\"elementor-element elementor-element-286f300b e-con-full e-flex e-con e-parent\" data-id=\"286f300b\" data-element_type=\"container\" data-e-type=\"container\">\n\t\t\t\t<div class=\"elementor-element elementor-element-f018432 elementor-widget elementor-widget-text-editor\" data-id=\"f018432\" data-element_type=\"widget\" data-e-type=\"widget\" data-widget_type=\"text-editor.default\">\n\t\t\t\t\t\t\t\t\t<p>There are over 70 kilometers of light traffic roads in P\u00e4rnu. Therefore, the bicycle can be considered one of the best ways of transport to discover P\u00e4rnu. In a few hours you can make a big tour in the city, seeing areas that the average visitor often does not get to. So a few hours of cycling in P\u00e4rnu is a must do.<\/p><p><b>In addition, many P\u00e4rnu companies make special offers when you visit them by bicycle.<\/b> All offers with the P\u00e4rnu bicycle path bicycle map can be found <strong><a href=\"https:\/\/visitparnu.com\/wp-content\/uploads\/2023\/01\/parnu_rattateed_2019_eng.pdf\">HERE<\/a><\/strong>.<\/p>\t\t\t\t\t\t\t\t<\/div>\n\t\t\t\t<div class=\"elementor-element elementor-element-6cd20ddb elementor-widget elementor-widget-image\" data-id=\"6cd20ddb\" data-element_type=\"widget\" data-e-type=\"widget\" data-widget_type=\"image.default\">\n\t\t\t\t\t\t\t\t\t\t\t\t\t\t\t<img fetchpriority=\"high\" decoding=\"async\" width=\"1000\" height=\"667\" src=\"https:\/\/visitparnu.com\/wp-content\/uploads\/2022\/12\/Parnu-City-Center.jpg\" class=\"attachment-large size-large wp-image-4934631\" alt=\"\" srcset=\"https:\/\/visitparnu.com\/wp-content\/uploads\/2022\/12\/Parnu-City-Center.jpg 1000w, https:\/\/visitparnu.com\/wp-content\/uploads\/2022\/12\/Parnu-City-Center-300x200.jpg 300w, https:\/\/visitparnu.com\/wp-content\/uploads\/2022\/12\/Parnu-City-Center-768x512.jpg 768w\" sizes=\"(max-width: 1000px) 100vw, 1000px\" \/>\t\t\t\t\t\t\t\t\t\t\t\t\t\t\t<\/div>\n\t\t\t\t<div class=\"elementor-element elementor-element-c0b130e elementor-widget elementor-widget-text-editor\" data-id=\"c0b130e\" data-element_type=\"widget\" data-e-type=\"widget\" data-widget_type=\"text-editor.default\">\n\t\t\t\t\t\t\t\t\t<h2>Bicycle rental in P\u00e4rnu<\/h2><div>There are several bicycle rental companies operating in P\u00e4rnu. Some companies rent their bikes all year round, others only during the summer season. Above you will find all the companies.<\/div><h3><b>T\u00f5rukese<\/b><\/h3><p>T\u00f5rukese bicycle rental offers different sizes and types of bicycles for children and adults. You can select from both city and mountain bikes. In addition, it\u00b4s possible to rent a tandem bicycle, a child carrier trailer or a child seat. Each bike comes with a lock and a helmet.<\/p><p>If you want to choose a bicycle on spot, T\u00f5rukese is located next to Rannahotell, Ranna pst 5 (opened only in the summer season, from 1st of June to 31st of August). The bikes can be rented in advance all year round by phone.<\/p><p>(+372) 502 8269<br \/>bicyclerentalparnu@gmail.com<br \/><a href=\"http:\/\/bicyclerentalparnu.eu\/\">www.bicyclerentalparnu.eu<\/a><\/p><h3><strong>Baltreisen<\/strong><\/h3><p>Bicycle of various sizes, tandem wheel, kids bikes of different sizes, child carrier trailer and a child seats are available for rental. The price includes a lock and a helmet. There are also sport bikes available for longer trips.<\/p><p>In the summer Baltreisen bicycle rental is located in the center of P\u00e4rnu (P\u00fchavaimu Str 17). The bikes can be rented in advance all year round by phone.<\/p><p>(+372) 5696 9760<br \/>info@baltreisen.ee<br \/><a href=\"https:\/\/baltreisen.ee\/hinnad\/\">www.baltreisen.ee\/hinnad\/<\/a><\/p><p>\u00a0<\/p>\t\t\t\t\t\t\t\t<\/div>\n\t\t\t\t<\/div>\n\t\t<div class=\"elementor-element elementor-element-5301b2fc e-con-full e-flex e-con e-parent\" data-id=\"5301b2fc\" data-element_type=\"container\" data-e-type=\"container\">\n\t\t\t\t<div class=\"elementor-element elementor-element-818566d elementor-widget elementor-widget-text-editor\" data-id=\"818566d\" data-element_type=\"widget\" data-e-type=\"widget\" data-widget_type=\"text-editor.default\">\n\t\t\t\t\t\t\t\t\t<h2>Electric bikes<\/h2><h3>Bolt and Tuul<\/h3><p>In the summer, Bolt and Tuul offer electric scooters for rent. To rent the scooters you must have a Bolt or Tuul app in your phone. You can rent the scooters on the street everywhere in the city center. You must finish renting the scooter inside the area approved by Bolt or Tuul which is indicated by the app.<\/p><p>\u00a0<\/p>\t\t\t\t\t\t\t\t<\/div>\n\t\t\t\t<div class=\"elementor-element elementor-element-994d8ad elementor-widget elementor-widget-image\" data-id=\"994d8ad\" data-element_type=\"widget\" data-e-type=\"widget\" data-widget_type=\"image.default\">\n\t\t\t\t\t\t\t\t\t\t\t\t\t\t\t<img decoding=\"async\" width=\"1000\" height=\"500\" src=\"https:\/\/visitparnu.com\/wp-content\/uploads\/2022\/11\/Bolti-toukerattad-Parnus.jpg\" class=\"attachment-large size-large wp-image-4918788\" alt=\"\" srcset=\"https:\/\/visitparnu.com\/wp-content\/uploads\/2022\/11\/Bolti-toukerattad-Parnus.jpg 1000w, https:\/\/visitparnu.com\/wp-content\/uploads\/2022\/11\/Bolti-toukerattad-Parnus-300x150.jpg 300w, https:\/\/visitparnu.com\/wp-content\/uploads\/2022\/11\/Bolti-toukerattad-Parnus-768x384.jpg 768w\" sizes=\"(max-width: 1000px) 100vw, 1000px\" \/>\t\t\t\t\t\t\t\t\t\t\t\t\t\t\t<\/div>\n\t\t\t\t<div class=\"elementor-element elementor-element-a2a3c3d elementor-widget elementor-widget-text-editor\" data-id=\"a2a3c3d\" data-element_type=\"widget\" data-e-type=\"widget\" data-widget_type=\"text-editor.default\">\n\t\t\t\t\t\t\t\t\t<h2>Bicycle rental in the county<\/h2><p>The unique island of Kihnu is an i<b>deal place to discover by bicycle.<\/b>Bicycles can be rented directly from the port on the island. In summer, we recommend renting a bicycle in advance, because due to their popularity, all bicycles can be rented out when you arrive. Read more about accessing Kihnu Island and bicycle rentals <strong><a href=\"https:\/\/visitparnu.com\/en\/kihnu-island\">HERE<\/a><\/strong>.<\/p><p>In addition to international routes, we have mapped out some routes that should make your cycling much more comfortable. This means that you do not have to drive on the big highway when coming to or from Riga. When you go to Soomaa, you can enjoy pleasant and peaceful nature. A good quiet road leads to Kihnu.<\/p>\t\t\t\t\t\t\t\t<\/div>\n\t\t\t\t<div class=\"elementor-element elementor-element-b4760c2 elementor-widget elementor-widget-image\" data-id=\"b4760c2\" data-element_type=\"widget\" data-e-type=\"widget\" data-widget_type=\"image.default\">\n\t\t\t\t\t\t\t\t\t\t\t\t\t\t\t<img decoding=\"async\" width=\"800\" height=\"600\" src=\"https:\/\/visitparnu.com\/wp-content\/uploads\/2023\/01\/Parnu-Private-Tours-elektritoukeratastel.jpg\" class=\"attachment-large size-large wp-image-4942892\" alt=\"\" srcset=\"https:\/\/visitparnu.com\/wp-content\/uploads\/2023\/01\/Parnu-Private-Tours-elektritoukeratastel.jpg 800w, https:\/\/visitparnu.com\/wp-content\/uploads\/2023\/01\/Parnu-Private-Tours-elektritoukeratastel-300x225.jpg 300w, https:\/\/visitparnu.com\/wp-content\/uploads\/2023\/01\/Parnu-Private-Tours-elektritoukeratastel-768x576.jpg 768w\" sizes=\"(max-width: 800px) 100vw, 800px\" \/>\t\t\t\t\t\t\t\t\t\t\t\t\t\t\t<\/div>\n\t\t\t\t<\/div>\n\t\t\t\t\t<\/div>\n\t\t\t\t<\/div>\n\t\t<div class=\"elementor-element elementor-element-7ad39fc4 content-one-col-block e-flex e-con-boxed e-con e-parent\" data-id=\"7ad39fc4\" data-element_type=\"container\" data-e-type=\"container\">\n\t\t\t\t\t<div class=\"e-con-inner\">\n\t\t<div class=\"elementor-element elementor-element-316a3037 e-con-full e-flex e-con e-parent\" data-id=\"316a3037\" data-element_type=\"container\" data-e-type=\"container\">\n\t\t\t\t<div class=\"elementor-element elementor-element-41320043 elementor-widget elementor-widget-text-editor\" data-id=\"41320043\" data-element_type=\"widget\" data-e-type=\"widget\" data-widget_type=\"text-editor.default\">\n\t\t\t\t\t\t\t\t\t<h2>Routes<\/h2><p>We\u2019ve put together some of the routes we recommend. If you want, you can navigate them through Google Maps.<\/p><p><strong>Important! The points marked on the map are only guidelines for staying on the route.<\/strong><\/p>\t\t\t\t\t\t\t\t<\/div>\n\t\t\t\t<div class=\"elementor-element elementor-element-5209702 elementor-cta--layout-image-right elementor-cta--mobile-layout-image-above elementor-cta--valign-middle elementor-bg-transform elementor-bg-transform-move-left elementor-cta--tablet-layout-image-above elementor-cta--skin-classic elementor-animated-content elementor-invisible elementor-widget elementor-widget-call-to-action\" data-id=\"5209702\" data-element_type=\"widget\" data-e-type=\"widget\" data-settings=\"{&quot;_animation&quot;:&quot;fadeIn&quot;}\" data-widget_type=\"call-to-action.default\">\n\t\t\t\t\t\t\t<div class=\"elementor-cta\">\n\t\t\t\t\t<div class=\"elementor-cta__bg-wrapper\">\n\t\t\t\t<div class=\"elementor-cta__bg elementor-bg\" style=\"background-image: url(https:\/\/visitparnu.com\/wp-content\/uploads\/2022\/12\/Kabli-rand.jpg);\" role=\"img\" aria-label=\"Kabli-rand.jpg\"><\/div>\n\t\t\t\t<div class=\"elementor-cta__bg-overlay\"><\/div>\n\t\t\t<\/div>\n\t\t\t\t\t\t\t<div class=\"elementor-cta__content\">\n\t\t\t\t\n\t\t\t\t\t\t\t\t\t<h2 class=\"elementor-cta__title elementor-cta__content-item elementor-content-item\">\n\t\t\t\t\t\tRoute P\u00e4rnu - Ikla\t\t\t\t\t<\/h2>\n\t\t\t\t\n\t\t\t\t\t\t\t\t\t<div class=\"elementor-cta__description elementor-cta__content-item elementor-content-item\">\n\t\t\t\t\t\tGolfi tee, that departs P\u00e4rnu is not an asphalt road (it\u2019s a 2.4 km forest route) but it is manageable for anyone, and beats the alternative, a long ride alongside a highway. At the end of the Golfi tee, you should take a short ride to the Riga highway, where you have to go about 450 meters before turning right again. The speed limit for cars on this section is 70 kmh. The next road will take you directly to Uulu, where you will have to cross the Riga highway, then can continue along the small H\u00e4\u00e4demeeste highway. The road ends again on the Riga highway, where it is necessary to cross the road and then bike straight to the border.\n\t\t\t\t\t<\/div>\n\t\t\t\t\n\t\t\t\t\t\t\t\t\t<div class=\"elementor-cta__button-wrapper elementor-cta__content-item elementor-content-item \">\n\t\t\t\t\t<a class=\"elementor-cta__button elementor-button elementor-size-\" href=\"http:\/\/bit.ly\/road-to-latvia\">\n\t\t\t\t\t\tlook the route from Google maps\t\t\t\t\t<\/a>\n\t\t\t\t\t<\/div>\n\t\t\t\t\t\t\t<\/div>\n\t\t\t\t\t\t\t<div class=\"elementor-ribbon elementor-ribbon-right\">\n\t\t\t\t<div class=\"elementor-ribbon-inner\">\n\t\t\t\t\t58 km\t\t\t\t<\/div>\n\t\t\t<\/div>\n\t\t\t\t<\/div>\n\t\t\t\t\t\t<\/div>\n\t\t\t\t<div class=\"elementor-element elementor-element-4d820d9 elementor-cta--layout-image-left elementor-cta--mobile-layout-image-above elementor-cta--valign-middle elementor-bg-transform elementor-bg-transform-move-left elementor-cta--tablet-layout-image-above elementor-cta--skin-classic elementor-animated-content elementor-invisible elementor-widget elementor-widget-call-to-action\" data-id=\"4d820d9\" data-element_type=\"widget\" data-e-type=\"widget\" data-settings=\"{&quot;_animation&quot;:&quot;fadeIn&quot;}\" data-widget_type=\"call-to-action.default\">\n\t\t\t\t\t\t\t<div class=\"elementor-cta\">\n\t\t\t\t\t<div class=\"elementor-cta__bg-wrapper\">\n\t\t\t\t<div class=\"elementor-cta__bg elementor-bg\" style=\"background-image: url(https:\/\/visitparnu.com\/wp-content\/uploads\/2022\/12\/Riisa_raba.jpg);\" role=\"img\" aria-label=\"Riisa_raba.jpg\"><\/div>\n\t\t\t\t<div class=\"elementor-cta__bg-overlay\"><\/div>\n\t\t\t<\/div>\n\t\t\t\t\t\t\t<div class=\"elementor-cta__content\">\n\t\t\t\t\n\t\t\t\t\t\t\t\t\t<h2 class=\"elementor-cta__title elementor-cta__content-item elementor-content-item\">\n\t\t\t\t\t\tRoute P\u00e4rnu - Soomaa (Riisa Raba)\t\t\t\t\t<\/h2>\n\t\t\t\t\n\t\t\t\t\t\t\t\t\t<div class=\"elementor-cta__description elementor-cta__content-item elementor-content-item\">\n\t\t\t\t\t\tStarting from P\u00e4rnu, you can bike along the pedestrian road up to the border of Tammiste. Then you will have to bike about five kilometers along the main highway and turn right on the first big crossroad towards the town of Sindi, and then immediately to the left. This will bring you to a peaceful road running along the P\u00e4rnu River. After passing 10 km, turn right at Oore tee to see beautiful views of the P\u00e4rnu River and reach the town of Tori faster. The final destination, the Riisa hiking trail, is located directly on the border of Soomaa. The entire road is asphalt.\n\t\t\t\t\t<\/div>\n\t\t\t\t\n\t\t\t\t\t\t\t\t\t<div class=\"elementor-cta__button-wrapper elementor-cta__content-item elementor-content-item \">\n\t\t\t\t\t<a class=\"elementor-cta__button elementor-button elementor-size-\" href=\"http:\/\/bit.ly\/road-to-sooma\">\n\t\t\t\t\t\tlook the route from Google maps\t\t\t\t\t<\/a>\n\t\t\t\t\t<\/div>\n\t\t\t\t\t\t\t<\/div>\n\t\t\t\t\t\t\t<div class=\"elementor-ribbon elementor-ribbon-left\">\n\t\t\t\t<div class=\"elementor-ribbon-inner\">\n\t\t\t\t\t33 km\t\t\t\t<\/div>\n\t\t\t<\/div>\n\t\t\t\t<\/div>\n\t\t\t\t\t\t<\/div>\n\t\t\t\t<div class=\"elementor-element elementor-element-4740f20 elementor-cta--layout-image-right elementor-cta--mobile-layout-image-above elementor-cta--valign-middle elementor-bg-transform elementor-bg-transform-move-left elementor-cta--tablet-layout-image-above elementor-cta--skin-classic elementor-animated-content elementor-invisible elementor-widget elementor-widget-call-to-action\" data-id=\"4740f20\" data-element_type=\"widget\" data-e-type=\"widget\" data-settings=\"{&quot;_animation&quot;:&quot;fadeIn&quot;}\" data-widget_type=\"call-to-action.default\">\n\t\t\t\t\t\t\t<div class=\"elementor-cta\">\n\t\t\t\t\t<div class=\"elementor-cta__bg-wrapper\">\n\t\t\t\t<div class=\"elementor-cta__bg elementor-bg\" style=\"background-image: url(https:\/\/visitparnu.com\/wp-content\/uploads\/2022\/12\/Kihnu.jpg);\" role=\"img\" aria-label=\"Kihnu.jpg\"><\/div>\n\t\t\t\t<div class=\"elementor-cta__bg-overlay\"><\/div>\n\t\t\t<\/div>\n\t\t\t\t\t\t\t<div class=\"elementor-cta__content\">\n\t\t\t\t\n\t\t\t\t\t\t\t\t\t<h2 class=\"elementor-cta__title elementor-cta__content-item elementor-content-item\">\n\t\t\t\t\t\tRoute P\u00e4rnu - Kihnu\t\t\t\t\t<\/h2>\n\t\t\t\t\n\t\t\t\t\t\t\t\t\t<div class=\"elementor-cta__description elementor-cta__content-item elementor-content-item\">\n\t\t\t\t\t\tThe road to Kihnu goes largely along the international Eurovelo bike route, with a small exception. If you have time, we recommend that you turn left at Kabriste, to reach P\u00e4rnu Bay. There, the road takes you through several traditional fishing villages. The asphalt road ends in the village of Liu, where you should return to the Eurovelo route. When traveling from P\u00e4rnu, it is important to turn right before the bridge on Lihula Road, then bike under the bridge and turn left. NB! P\u00e4rnu poolt liikudes on oluline p\u00f6\u00f6rata paremale enne Lihula maantee silda ning siis silla alt l\u00e4bi s\u00f5ita (p\u00f6\u00f6rata vasakule).\n\t\t\t\t\t<\/div>\n\t\t\t\t\n\t\t\t\t\t\t\t\t\t<div class=\"elementor-cta__button-wrapper elementor-cta__content-item elementor-content-item \">\n\t\t\t\t\t<a class=\"elementor-cta__button elementor-button elementor-size-\" href=\"http:\/\/bit.ly\/road-to-kihnu\">\n\t\t\t\t\t\tlook the route from Google maps\t\t\t\t\t<\/a>\n\t\t\t\t\t<\/div>\n\t\t\t\t\t\t\t<\/div>\n\t\t\t\t\t\t\t<div class=\"elementor-ribbon elementor-ribbon-right\">\n\t\t\t\t<div class=\"elementor-ribbon-inner\">\n\t\t\t\t\t44 km\t\t\t\t<\/div>\n\t\t\t<\/div>\n\t\t\t\t<\/div>\n\t\t\t\t\t\t<\/div>\n\t\t\t\t<\/div>\n\t\t\t\t\t<\/div>\n\t\t\t\t<\/div>\n\t\t\t\t<\/div>\n\t\t","protected":false},"excerpt":{"rendered":"<p>There are over 70 kilometers of light traffic roads in P\u00e4rnu. Therefore, the bicycle can be considered one of the best ways of transport to discover P\u00e4rnu. In a few hours you can make a big tour in the city, seeing areas that the average visitor often does not get to. So a few hours [&hellip;]<\/p>\n","protected":false},"author":1,"featured_media":4944887,"parent":0,"menu_order":0,"comment_status":"closed","ping_status":"closed","template":"","meta":{"_acf_changed":false,"footnotes":""},"class_list":["post-4936889","page","type-page","status-publish","has-post-thumbnail","hentry"],"acf":[],"yoast_head":"<!-- This site is optimized with the Yoast SEO plugin v27.3 - https:\/\/yoast.com\/product\/yoast-seo-wordpress\/ -->\n<title>Discover P\u00e4rnu by bike - Visit P\u00e4rnu<\/title>\n<meta name=\"robots\" content=\"index, follow, max-snippet:-1, max-image-preview:large, max-video-preview:-1\" \/>\n<link rel=\"canonical\" href=\"https:\/\/visitparnu.com\/en\/discover-parnu-by-bike\/\" \/>\n<meta property=\"og:locale\" content=\"en_US\" \/>\n<meta property=\"og:type\" content=\"article\" \/>\n<meta property=\"og:title\" content=\"Discover P\u00e4rnu by bike - Visit P\u00e4rnu\" \/>\n<meta property=\"og:description\" content=\"There are over 70 kilometers of light traffic roads in P\u00e4rnu. Therefore, the bicycle can be considered one of the best ways of transport to discover P\u00e4rnu. In a few hours you can make a big tour in the city, seeing areas that the average visitor often does not get to. So a few hours [&hellip;]\" \/>\n<meta property=\"og:url\" content=\"https:\/\/visitparnu.com\/en\/discover-parnu-by-bike\/\" \/>\n<meta property=\"og:site_name\" content=\"Visit P\u00e4rnu\" \/>\n<meta property=\"article:publisher\" content=\"https:\/\/www.facebook.com\/visitparnuEE\/\" \/>\n<meta property=\"article:modified_time\" content=\"2023-01-27T13:51:21+00:00\" \/>\n<meta property=\"og:image\" content=\"https:\/\/visitparnu.com\/wp-content\/uploads\/2023\/01\/50617026212_163f525d33_o-scaled-1.jpg\" \/>\n\t<meta property=\"og:image:width\" content=\"2300\" \/>\n\t<meta property=\"og:image:height\" content=\"1533\" \/>\n\t<meta property=\"og:image:type\" content=\"image\/jpeg\" \/>\n<meta name=\"twitter:card\" content=\"summary_large_image\" \/>\n<meta name=\"twitter:label1\" content=\"Est. reading time\" \/>\n\t<meta name=\"twitter:data1\" content=\"5 minutes\" \/>\n<script type=\"application\/ld+json\" class=\"yoast-schema-graph\">{\"@context\":\"https:\\\/\\\/schema.org\",\"@graph\":[{\"@type\":\"WebPage\",\"@id\":\"https:\\\/\\\/visitparnu.com\\\/en\\\/discover-parnu-by-bike\\\/\",\"url\":\"https:\\\/\\\/visitparnu.com\\\/en\\\/discover-parnu-by-bike\\\/\",\"name\":\"Discover P\u00e4rnu by bike - Visit P\u00e4rnu\",\"isPartOf\":{\"@id\":\"https:\\\/\\\/visitparnu.com\\\/en\\\/#website\"},\"primaryImageOfPage\":{\"@id\":\"https:\\\/\\\/visitparnu.com\\\/en\\\/discover-parnu-by-bike\\\/#primaryimage\"},\"image\":{\"@id\":\"https:\\\/\\\/visitparnu.com\\\/en\\\/discover-parnu-by-bike\\\/#primaryimage\"},\"thumbnailUrl\":\"https:\\\/\\\/visitparnu.com\\\/wp-content\\\/uploads\\\/2023\\\/01\\\/50617026212_163f525d33_o-scaled-1.jpg\",\"datePublished\":\"2018-09-24T11:12:53+00:00\",\"dateModified\":\"2023-01-27T13:51:21+00:00\",\"breadcrumb\":{\"@id\":\"https:\\\/\\\/visitparnu.com\\\/en\\\/discover-parnu-by-bike\\\/#breadcrumb\"},\"inLanguage\":\"en-US\",\"potentialAction\":[{\"@type\":\"ReadAction\",\"target\":[\"https:\\\/\\\/visitparnu.com\\\/en\\\/discover-parnu-by-bike\\\/\"]}]},{\"@type\":\"ImageObject\",\"inLanguage\":\"en-US\",\"@id\":\"https:\\\/\\\/visitparnu.com\\\/en\\\/discover-parnu-by-bike\\\/#primaryimage\",\"url\":\"https:\\\/\\\/visitparnu.com\\\/wp-content\\\/uploads\\\/2023\\\/01\\\/50617026212_163f525d33_o-scaled-1.jpg\",\"contentUrl\":\"https:\\\/\\\/visitparnu.com\\\/wp-content\\\/uploads\\\/2023\\\/01\\\/50617026212_163f525d33_o-scaled-1.jpg\",\"width\":2300,\"height\":1533},{\"@type\":\"BreadcrumbList\",\"@id\":\"https:\\\/\\\/visitparnu.com\\\/en\\\/discover-parnu-by-bike\\\/#breadcrumb\",\"itemListElement\":[{\"@type\":\"ListItem\",\"position\":1,\"name\":\"\",\"item\":\"https:\\\/\\\/visitparnu.com\\\/en\\\/\"},{\"@type\":\"ListItem\",\"position\":2,\"name\":\"Discover P\u00e4rnu by bike\"}]},{\"@type\":\"WebSite\",\"@id\":\"https:\\\/\\\/visitparnu.com\\\/en\\\/#website\",\"url\":\"https:\\\/\\\/visitparnu.com\\\/en\\\/\",\"name\":\"Visit P\u00e4rnu\",\"description\":\"\",\"publisher\":{\"@id\":\"https:\\\/\\\/visitparnu.com\\\/en\\\/#organization\"},\"potentialAction\":[{\"@type\":\"SearchAction\",\"target\":{\"@type\":\"EntryPoint\",\"urlTemplate\":\"https:\\\/\\\/visitparnu.com\\\/en\\\/?s={search_term_string}\"},\"query-input\":{\"@type\":\"PropertyValueSpecification\",\"valueRequired\":true,\"valueName\":\"search_term_string\"}}],\"inLanguage\":\"en-US\"},{\"@type\":\"Organization\",\"@id\":\"https:\\\/\\\/visitparnu.com\\\/en\\\/#organization\",\"name\":\"Visit P\u00e4rnu\",\"url\":\"https:\\\/\\\/visitparnu.com\\\/en\\\/\",\"logo\":{\"@type\":\"ImageObject\",\"inLanguage\":\"en-US\",\"@id\":\"https:\\\/\\\/visitparnu.com\\\/en\\\/#\\\/schema\\\/logo\\\/image\\\/\",\"url\":\"https:\\\/\\\/visitparnu.com\\\/wp-content\\\/uploads\\\/2022\\\/11\\\/VP_logo.svg\",\"contentUrl\":\"https:\\\/\\\/visitparnu.com\\\/wp-content\\\/uploads\\\/2022\\\/11\\\/VP_logo.svg\",\"width\":305,\"height\":33,\"caption\":\"Visit P\u00e4rnu\"},\"image\":{\"@id\":\"https:\\\/\\\/visitparnu.com\\\/en\\\/#\\\/schema\\\/logo\\\/image\\\/\"},\"sameAs\":[\"https:\\\/\\\/www.facebook.com\\\/visitparnuEE\\\/\",\"https:\\\/\\\/www.youtube.com\\\/user\\\/visitparnuestonia\\\/\",\"https:\\\/\\\/www.instagram.com\\\/visitparnu\\\/\"]}]}<\/script>\n<!-- \/ Yoast SEO plugin. -->","yoast_head_json":{"title":"Discover P\u00e4rnu by bike - Visit P\u00e4rnu","robots":{"index":"index","follow":"follow","max-snippet":"max-snippet:-1","max-image-preview":"max-image-preview:large","max-video-preview":"max-video-preview:-1"},"canonical":"https:\/\/visitparnu.com\/en\/discover-parnu-by-bike\/","og_locale":"en_US","og_type":"article","og_title":"Discover P\u00e4rnu by bike - Visit P\u00e4rnu","og_description":"There are over 70 kilometers of light traffic roads in P\u00e4rnu. Therefore, the bicycle can be considered one of the best ways of transport to discover P\u00e4rnu. In a few hours you can make a big tour in the city, seeing areas that the average visitor often does not get to. So a few hours [&hellip;]","og_url":"https:\/\/visitparnu.com\/en\/discover-parnu-by-bike\/","og_site_name":"Visit P\u00e4rnu","article_publisher":"https:\/\/www.facebook.com\/visitparnuEE\/","article_modified_time":"2023-01-27T13:51:21+00:00","og_image":[{"width":2300,"height":1533,"url":"https:\/\/visitparnu.com\/wp-content\/uploads\/2023\/01\/50617026212_163f525d33_o-scaled-1.jpg","type":"image\/jpeg"}],"twitter_card":"summary_large_image","twitter_misc":{"Est. reading time":"5 minutes"},"schema":{"@context":"https:\/\/schema.org","@graph":[{"@type":"WebPage","@id":"https:\/\/visitparnu.com\/en\/discover-parnu-by-bike\/","url":"https:\/\/visitparnu.com\/en\/discover-parnu-by-bike\/","name":"Discover P\u00e4rnu by bike - Visit P\u00e4rnu","isPartOf":{"@id":"https:\/\/visitparnu.com\/en\/#website"},"primaryImageOfPage":{"@id":"https:\/\/visitparnu.com\/en\/discover-parnu-by-bike\/#primaryimage"},"image":{"@id":"https:\/\/visitparnu.com\/en\/discover-parnu-by-bike\/#primaryimage"},"thumbnailUrl":"https:\/\/visitparnu.com\/wp-content\/uploads\/2023\/01\/50617026212_163f525d33_o-scaled-1.jpg","datePublished":"2018-09-24T11:12:53+00:00","dateModified":"2023-01-27T13:51:21+00:00","breadcrumb":{"@id":"https:\/\/visitparnu.com\/en\/discover-parnu-by-bike\/#breadcrumb"},"inLanguage":"en-US","potentialAction":[{"@type":"ReadAction","target":["https:\/\/visitparnu.com\/en\/discover-parnu-by-bike\/"]}]},{"@type":"ImageObject","inLanguage":"en-US","@id":"https:\/\/visitparnu.com\/en\/discover-parnu-by-bike\/#primaryimage","url":"https:\/\/visitparnu.com\/wp-content\/uploads\/2023\/01\/50617026212_163f525d33_o-scaled-1.jpg","contentUrl":"https:\/\/visitparnu.com\/wp-content\/uploads\/2023\/01\/50617026212_163f525d33_o-scaled-1.jpg","width":2300,"height":1533},{"@type":"BreadcrumbList","@id":"https:\/\/visitparnu.com\/en\/discover-parnu-by-bike\/#breadcrumb","itemListElement":[{"@type":"ListItem","position":1,"name":"","item":"https:\/\/visitparnu.com\/en\/"},{"@type":"ListItem","position":2,"name":"Discover P\u00e4rnu by bike"}]},{"@type":"WebSite","@id":"https:\/\/visitparnu.com\/en\/#website","url":"https:\/\/visitparnu.com\/en\/","name":"Visit P\u00e4rnu","description":"","publisher":{"@id":"https:\/\/visitparnu.com\/en\/#organization"},"potentialAction":[{"@type":"SearchAction","target":{"@type":"EntryPoint","urlTemplate":"https:\/\/visitparnu.com\/en\/?s={search_term_string}"},"query-input":{"@type":"PropertyValueSpecification","valueRequired":true,"valueName":"search_term_string"}}],"inLanguage":"en-US"},{"@type":"Organization","@id":"https:\/\/visitparnu.com\/en\/#organization","name":"Visit P\u00e4rnu","url":"https:\/\/visitparnu.com\/en\/","logo":{"@type":"ImageObject","inLanguage":"en-US","@id":"https:\/\/visitparnu.com\/en\/#\/schema\/logo\/image\/","url":"https:\/\/visitparnu.com\/wp-content\/uploads\/2022\/11\/VP_logo.svg","contentUrl":"https:\/\/visitparnu.com\/wp-content\/uploads\/2022\/11\/VP_logo.svg","width":305,"height":33,"caption":"Visit P\u00e4rnu"},"image":{"@id":"https:\/\/visitparnu.com\/en\/#\/schema\/logo\/image\/"},"sameAs":["https:\/\/www.facebook.com\/visitparnuEE\/","https:\/\/www.youtube.com\/user\/visitparnuestonia\/","https:\/\/www.instagram.com\/visitparnu\/"]}]}},"_links":{"self":[{"href":"https:\/\/visitparnu.com\/en\/wp-json\/wp\/v2\/pages\/4936889","targetHints":{"allow":["GET"]}}],"collection":[{"href":"https:\/\/visitparnu.com\/en\/wp-json\/wp\/v2\/pages"}],"about":[{"href":"https:\/\/visitparnu.com\/en\/wp-json\/wp\/v2\/types\/page"}],"author":[{"embeddable":true,"href":"https:\/\/visitparnu.com\/en\/wp-json\/wp\/v2\/users\/1"}],"replies":[{"embeddable":true,"href":"https:\/\/visitparnu.com\/en\/wp-json\/wp\/v2\/comments?post=4936889"}],"version-history":[{"count":25,"href":"https:\/\/visitparnu.com\/en\/wp-json\/wp\/v2\/pages\/4936889\/revisions"}],"predecessor-version":[{"id":4955915,"href":"https:\/\/visitparnu.com\/en\/wp-json\/wp\/v2\/pages\/4936889\/revisions\/4955915"}],"wp:featuredmedia":[{"embeddable":true,"href":"https:\/\/visitparnu.com\/en\/wp-json\/wp\/v2\/media\/4944887"}],"wp:attachment":[{"href":"https:\/\/visitparnu.com\/en\/wp-json\/wp\/v2\/media?parent=4936889"}],"curies":[{"name":"wp","href":"https:\/\/api.w.org\/{rel}","templated":true}]}}